{"id":5146,"date":"2022-12-01T12:25:37","date_gmt":"2022-12-01T09:25:37","guid":{"rendered":"https:\/\/www.sirmersan.com\/product\/natilus-gray\/"},"modified":"2023-04-03T12:46:46","modified_gmt":"2023-04-03T09:46:46","slug":"natilus-gray","status":"publish","type":"product","link":"https:\/\/www.sirmersan.com\/en\/product\/natilus-gray\/","title":{"rendered":"NATILUS GRAY"},"content":{"rendered":"\t\t<div data-elementor-type=\"product-post\" data-elementor-id=\"5146\" class=\"elementor elementor-5146\">\n\t\t\t\t\t\t\t\t\t<section class=\"elementor-section elementor-top-section elementor-element elementor-element-deaf017 elementor-section-boxed elementor-section-height-default elementor-section-height-default parallax_section_no qode_elementor_container_no qode-content-aligment-left\" data-id=\"deaf017\" data-element_type=\"section\">\n\t\t\t\t\t\t<div class=\"elementor-container elementor-column-gap-default\">\n\t\t\t\t\t<div class=\"elementor-column elementor-col-50 elementor-top-column elementor-element elementor-element-68a3f50\" data-id=\"68a3f50\" data-element_type=\"column\">\n\t\t\t<div class=\"elementor-widget-wrap elementor-element-populated\">\n\t\t\t\t\t\t\t\t<div class=\"elementor-element elementor-element-4452323 e-transform elementor-widget elementor-widget-heading\" data-id=\"4452323\" data-element_type=\"widget\" data-settings=\"{&quot;_transform_rotateZ_effect&quot;:{&quot;unit&quot;:&quot;px&quot;,&quot;size&quot;:&quot;&quot;,&quot;sizes&quot;:[]},&quot;_transform_rotateZ_effect_tablet&quot;:{&quot;unit&quot;:&quot;px&quot;,&quot;size&quot;:&quot;&quot;,&quot;sizes&quot;:[]},&quot;_transform_rotateZ_effect_mobile&quot;:{&quot;unit&quot;:&quot;px&quot;,&quot;size&quot;:&quot;&quot;,&quot;sizes&quot;:[]}}\" data-widget_type=\"heading.default\">\n\t\t\t\t<div class=\"elementor-widget-container\">\n\t\t\t<style>\/*! elementor - v3.8.0 - 30-10-2022 *\/\n.elementor-heading-title{padding:0;margin:0;line-height:1}.elementor-widget-heading .elementor-heading-title[class*=elementor-size-]>a{color:inherit;font-size:inherit;line-height:inherit}.elementor-widget-heading .elementor-heading-title.elementor-size-small{font-size:15px}.elementor-widget-heading .elementor-heading-title.elementor-size-medium{font-size:19px}.elementor-widget-heading .elementor-heading-title.elementor-size-large{font-size:29px}.elementor-widget-heading .elementor-heading-title.elementor-size-xl{font-size:39px}.elementor-widget-heading .elementor-heading-title.elementor-size-xxl{font-size:59px}<\/style><h1 class=\"elementor-heading-title elementor-size-default\">NATILUS GRAY<\/h1>\t\t<\/div>\n\t\t\t\t<\/div>\n\t\t\t\t\t<\/div>\n\t\t<\/div>\n\t\t\t\t<div class=\"elementor-column elementor-col-50 elementor-top-column elementor-element elementor-element-263d0fb\" data-id=\"263d0fb\" data-element_type=\"column\">\n\t\t\t<div class=\"elementor-widget-wrap elementor-element-populated\">\n\t\t\t\t\t\t\t\t<div class=\"elementor-element elementor-element-dd56f60 elementor-widget elementor-widget-woocommerce-breadcrumb\" data-id=\"dd56f60\" data-element_type=\"widget\" data-widget_type=\"woocommerce-breadcrumb.default\">\n\t\t\t\t<div class=\"elementor-widget-container\">\n\t\t\t<link rel=\"stylesheet\" href=\"https:\/\/www.sirmersan.com\/wp-content\/plugins\/elementor-pro\/assets\/css\/widget-woocommerce.min.css\"><nav class=\"woocommerce-breadcrumb\">Home<\/nav>\t\t<\/div>\n\t\t\t\t<\/div>\n\t\t\t\t\t<\/div>\n\t\t<\/div>\n\t\t\t\t\t\t\t<\/div>\n\t\t<\/section>\n\t\t\t\t<section class=\"elementor-section elementor-top-section elementor-element elementor-element-c346ec5 elementor-section-boxed elementor-section-height-default elementor-section-height-default parallax_section_no qode_elementor_container_no qode-content-aligment-left\" data-id=\"c346ec5\" data-element_type=\"section\" data-settings=\"{&quot;background_background&quot;:&quot;classic&quot;}\">\n\t\t\t\t\t\t<div class=\"elementor-container elementor-column-gap-default\">\n\t\t\t\t\t<div class=\"elementor-column elementor-col-50 elementor-top-column elementor-element elementor-element-cfc6a12\" data-id=\"cfc6a12\" data-element_type=\"column\">\n\t\t\t<div class=\"elementor-widget-wrap elementor-element-populated\">\n\t\t\t\t\t\t\t\t<div class=\"elementor-element elementor-element-6e48784 elementor-widget elementor-widget-image\" data-id=\"6e48784\" data-element_type=\"widget\" data-widget_type=\"image.default\">\n\t\t\t\t<div class=\"elementor-widget-container\">\n\t\t\t<style>\/*! elementor - v3.8.0 - 30-10-2022 *\/\n.elementor-widget-image{text-align:center}.elementor-widget-image a{display:inline-block}.elementor-widget-image a img[src$=\".svg\"]{width:48px}.elementor-widget-image img{vertical-align:middle;display:inline-block}<\/style>\t\t\t\t\t\t\t\t\t\t\t\t<img decoding=\"async\" width=\"1200\" height=\"900\" src=\"https:\/\/www.sirmersan.com\/wp-content\/uploads\/2022\/12\/natilus-gray.webp\" class=\"attachment-full size-full\" alt=\"natilus gray\" srcset=\"https:\/\/www.sirmersan.com\/wp-content\/uploads\/2022\/12\/natilus-gray.webp 1200w, https:\/\/www.sirmersan.com\/wp-content\/uploads\/2022\/12\/natilus-gray-300x225.webp 300w, https:\/\/www.sirmersan.com\/wp-content\/uploads\/2022\/12\/natilus-gray-1024x768.webp 1024w, https:\/\/www.sirmersan.com\/wp-content\/uploads\/2022\/12\/natilus-gray-768x576.webp 768w, https:\/\/www.sirmersan.com\/wp-content\/uploads\/2022\/12\/natilus-gray-800x600.webp 800w, https:\/\/www.sirmersan.com\/wp-content\/uploads\/2022\/12\/natilus-gray-700x525.webp 700w, https:\/\/www.sirmersan.com\/wp-content\/uploads\/2022\/12\/natilus-gray-1100x825.webp 1100w, https:\/\/www.sirmersan.com\/wp-content\/uploads\/2022\/12\/natilus-gray-600x450.webp 600w\" sizes=\"(max-width: 1200px) 100vw, 1200px\" \/>\t\t\t\t\t\t\t\t\t\t\t\t\t\t\t<\/div>\n\t\t\t\t<\/div>\n\t\t\t\t\t<\/div>\n\t\t<\/div>\n\t\t\t\t<div class=\"elementor-column elementor-col-50 elementor-top-column elementor-element elementor-element-4dea889\" data-id=\"4dea889\" data-element_type=\"column\">\n\t\t\t<div class=\"elementor-widget-wrap elementor-element-populated\">\n\t\t\t\t\t\t\t\t<div class=\"elementor-element elementor-element-93f8d62 elementor-widget elementor-widget-text-editor\" data-id=\"93f8d62\" data-element_type=\"widget\" data-widget_type=\"text-editor.default\">\n\t\t\t\t<div class=\"elementor-widget-container\">\n\t\t\t<style>\/*! elementor - v3.8.0 - 30-10-2022 *\/\n.elementor-widget-text-editor.elementor-drop-cap-view-stacked .elementor-drop-cap{background-color:#818a91;color:#fff}.elementor-widget-text-editor.elementor-drop-cap-view-framed .elementor-drop-cap{color:#818a91;border:3px solid;background-color:transparent}.elementor-widget-text-editor:not(.elementor-drop-cap-view-default) .elementor-drop-cap{margin-top:8px}.elementor-widget-text-editor:not(.elementor-drop-cap-view-default) .elementor-drop-cap-letter{width:1em;height:1em}.elementor-widget-text-editor .elementor-drop-cap{float:left;text-align:center;line-height:1;font-size:50px}.elementor-widget-text-editor .elementor-drop-cap-letter{display:inline-block}<\/style>\t\t\t\tCharismatic mystery of transformation is maintained in the spirit of stone&#8230; Natilus Gray\u00ae\t\t\t\t\t\t<\/div>\n\t\t\t\t<\/div>\n\t\t\t\t<div class=\"elementor-element elementor-element-a8e4051 elementor-widget elementor-widget-text-editor\" data-id=\"a8e4051\" data-element_type=\"widget\" data-widget_type=\"text-editor.default\">\n\t\t\t\t<div class=\"elementor-widget-container\">\n\t\t\t\t\t\t\t<p>It is a marble that can be used easily indoors and outdoors. What distinguishes it from other gray marbles is the lightning transitions in its selection. Surface treatment can be preferred polished and honed.<\/p>\n\t\t\t\t\t\t<\/div>\n\t\t\t\t<\/div>\n\t\t\t\t\t<\/div>\n\t\t<\/div>\n\t\t\t\t\t\t\t<\/div>\n\t\t<\/section>\n\t\t\t\t\t\t\t<\/div>\n\t\t","protected":false},"excerpt":{"rendered":"<p>Charismatic mystery of transformation is maintained in the spirit of stone&#8230; Natilus Gray\u00ae<\/p>\n","protected":false},"featured_media":6867,"comment_status":"open","ping_status":"closed","template":"","meta":{"inline_featured_image":false},"product_cat":[83,76,74],"product_tag":[],"yoast_head":"<!-- This site is optimized with the Yoast SEO plugin v20.2.1 - https:\/\/yoast.com\/wordpress\/plugins\/seo\/ -->\n<title>NATILUS GRAY Marble Tile Prices &amp; Styles | Sirmersan<\/title>\n<meta name=\"description\" content=\"Create a difference in your life with the special design NATILUS GRAY Marble model, a product of the powerful architecture built by natural selection.\" \/>\n<meta name=\"robots\" content=\"index, follow, max-snippet:-1, max-image-preview:large, max-video-preview:-1\" \/>\n<link rel=\"canonical\" href=\"https:\/\/www.sirmersan.com\/en\/product\/natilus-gray\/\" \/>\n<meta property=\"og:locale\" content=\"en_US\" \/>\n<meta property=\"og:type\" content=\"article\" \/>\n<meta property=\"og:title\" content=\"NATILUS GRAY Marble Tile Prices &amp; Styles | Sirmersan\" \/>\n<meta property=\"og:description\" content=\"Create a difference in your life with the special design NATILUS GRAY Marble model, a product of the powerful architecture built by natural selection.\" \/>\n<meta property=\"og:url\" content=\"https:\/\/www.sirmersan.com\/en\/product\/natilus-gray\/\" \/>\n<meta property=\"og:site_name\" content=\"Sirmersan\" \/>\n<meta property=\"article:publisher\" content=\"https:\/\/tr-tr.facebook.com\/sirmersanmarble\/\" \/>\n<meta property=\"article:modified_time\" content=\"2023-04-03T09:46:46+00:00\" \/>\n<meta property=\"og:image\" content=\"https:\/\/www.sirmersan.com\/wp-content\/uploads\/2022\/12\/natilus-gray.webp\" \/>\n\t<meta property=\"og:image:width\" content=\"1200\" \/>\n\t<meta property=\"og:image:height\" content=\"900\" \/>\n\t<meta property=\"og:image:type\" content=\"image\/webp\" \/>\n<meta name=\"twitter:card\" content=\"summary_large_image\" \/>\n<script type=\"application\/ld+json\" class=\"yoast-schema-graph\">{\"@context\":\"https:\/\/schema.org\",\"@graph\":[{\"@type\":\"WebPage\",\"@id\":\"https:\/\/www.sirmersan.com\/en\/product\/natilus-gray\/\",\"url\":\"https:\/\/www.sirmersan.com\/en\/product\/natilus-gray\/\",\"name\":\"NATILUS GRAY Marble Tile Prices & Styles | Sirmersan\",\"isPartOf\":{\"@id\":\"https:\/\/www.sirmersan.com\/en\/#website\"},\"datePublished\":\"2022-12-01T09:25:37+00:00\",\"dateModified\":\"2023-04-03T09:46:46+00:00\",\"description\":\"Create a difference in your life with the special design NATILUS GRAY Marble model, a product of the powerful architecture built by natural selection.\",\"breadcrumb\":{\"@id\":\"https:\/\/www.sirmersan.com\/en\/product\/natilus-gray\/#breadcrumb\"},\"inLanguage\":\"en-US\",\"potentialAction\":[{\"@type\":\"ReadAction\",\"target\":[\"https:\/\/www.sirmersan.com\/en\/product\/natilus-gray\/\"]}]},{\"@type\":\"BreadcrumbList\",\"@id\":\"https:\/\/www.sirmersan.com\/en\/product\/natilus-gray\/#breadcrumb\",\"itemListElement\":[{\"@type\":\"ListItem\",\"position\":1,\"name\":\"Home\",\"item\":\"https:\/\/www.sirmersan.com\/en\/home-page\/\"},{\"@type\":\"ListItem\",\"position\":2,\"name\":\"Products\",\"item\":\"https:\/\/www.sirmersan.com\/en\/shop\/\"},{\"@type\":\"ListItem\",\"position\":3,\"name\":\"NATILUS GRAY\"}]},{\"@type\":\"WebSite\",\"@id\":\"https:\/\/www.sirmersan.com\/en\/#website\",\"url\":\"https:\/\/www.sirmersan.com\/en\/\",\"name\":\"Sirmersan\",\"description\":\"Do\u011fal Ta\u015f Tasar\u0131m \u00dcr\u00fcnler ve Projeler\",\"publisher\":{\"@id\":\"https:\/\/www.sirmersan.com\/en\/#organization\"},\"potentialAction\":[{\"@type\":\"SearchAction\",\"target\":{\"@type\":\"EntryPoint\",\"urlTemplate\":\"https:\/\/www.sirmersan.com\/en\/?s={search_term_string}\"},\"query-input\":\"required name=search_term_string\"}],\"inLanguage\":\"en-US\"},{\"@type\":\"Organization\",\"@id\":\"https:\/\/www.sirmersan.com\/en\/#organization\",\"name\":\"Sirmersan Mermer\",\"url\":\"https:\/\/www.sirmersan.com\/en\/\",\"logo\":{\"@type\":\"ImageObject\",\"inLanguage\":\"en-US\",\"@id\":\"https:\/\/www.sirmersan.com\/en\/#\/schema\/logo\/image\/\",\"url\":\"https:\/\/www.sirmersan.com\/wp-content\/uploads\/2022\/11\/sirmersan-gri-logo-01-2.svg\",\"contentUrl\":\"https:\/\/www.sirmersan.com\/wp-content\/uploads\/2022\/11\/sirmersan-gri-logo-01-2.svg\",\"width\":400,\"height\":100,\"caption\":\"Sirmersan Mermer\"},\"image\":{\"@id\":\"https:\/\/www.sirmersan.com\/en\/#\/schema\/logo\/image\/\"},\"sameAs\":[\"https:\/\/tr-tr.facebook.com\/sirmersanmarble\/\",\"https:\/\/www.instagram.com\/sirmersanmarble\/\",\"https:\/\/www.linkedin.com\/company\/sirmersan-marble-company-inc-\/\"]}]}<\/script>\n<!-- \/ Yoast SEO plugin. -->","yoast_head_json":{"title":"NATILUS GRAY Marble Tile Prices & Styles | Sirmersan","description":"Create a difference in your life with the special design NATILUS GRAY Marble model, a product of the powerful architecture built by natural selection.","robots":{"index":"index","follow":"follow","max-snippet":"max-snippet:-1","max-image-preview":"max-image-preview:large","max-video-preview":"max-video-preview:-1"},"canonical":"https:\/\/www.sirmersan.com\/en\/product\/natilus-gray\/","og_locale":"en_US","og_type":"article","og_title":"NATILUS GRAY Marble Tile Prices & Styles | Sirmersan","og_description":"Create a difference in your life with the special design NATILUS GRAY Marble model, a product of the powerful architecture built by natural selection.","og_url":"https:\/\/www.sirmersan.com\/en\/product\/natilus-gray\/","og_site_name":"Sirmersan","article_publisher":"https:\/\/tr-tr.facebook.com\/sirmersanmarble\/","article_modified_time":"2023-04-03T09:46:46+00:00","og_image":[{"width":1200,"height":900,"url":"https:\/\/www.sirmersan.com\/wp-content\/uploads\/2022\/12\/natilus-gray.webp","type":"image\/webp"}],"twitter_card":"summary_large_image","schema":{"@context":"https:\/\/schema.org","@graph":[{"@type":"WebPage","@id":"https:\/\/www.sirmersan.com\/en\/product\/natilus-gray\/","url":"https:\/\/www.sirmersan.com\/en\/product\/natilus-gray\/","name":"NATILUS GRAY Marble Tile Prices & Styles | Sirmersan","isPartOf":{"@id":"https:\/\/www.sirmersan.com\/en\/#website"},"datePublished":"2022-12-01T09:25:37+00:00","dateModified":"2023-04-03T09:46:46+00:00","description":"Create a difference in your life with the special design NATILUS GRAY Marble model, a product of the powerful architecture built by natural selection.","breadcrumb":{"@id":"https:\/\/www.sirmersan.com\/en\/product\/natilus-gray\/#breadcrumb"},"inLanguage":"en-US","potentialAction":[{"@type":"ReadAction","target":["https:\/\/www.sirmersan.com\/en\/product\/natilus-gray\/"]}]},{"@type":"BreadcrumbList","@id":"https:\/\/www.sirmersan.com\/en\/product\/natilus-gray\/#breadcrumb","itemListElement":[{"@type":"ListItem","position":1,"name":"Home","item":"https:\/\/www.sirmersan.com\/en\/home-page\/"},{"@type":"ListItem","position":2,"name":"Products","item":"https:\/\/www.sirmersan.com\/en\/shop\/"},{"@type":"ListItem","position":3,"name":"NATILUS GRAY"}]},{"@type":"WebSite","@id":"https:\/\/www.sirmersan.com\/en\/#website","url":"https:\/\/www.sirmersan.com\/en\/","name":"Sirmersan","description":"Do\u011fal Ta\u015f Tasar\u0131m \u00dcr\u00fcnler ve Projeler","publisher":{"@id":"https:\/\/www.sirmersan.com\/en\/#organization"},"potentialAction":[{"@type":"SearchAction","target":{"@type":"EntryPoint","urlTemplate":"https:\/\/www.sirmersan.com\/en\/?s={search_term_string}"},"query-input":"required name=search_term_string"}],"inLanguage":"en-US"},{"@type":"Organization","@id":"https:\/\/www.sirmersan.com\/en\/#organization","name":"Sirmersan Mermer","url":"https:\/\/www.sirmersan.com\/en\/","logo":{"@type":"ImageObject","inLanguage":"en-US","@id":"https:\/\/www.sirmersan.com\/en\/#\/schema\/logo\/image\/","url":"https:\/\/www.sirmersan.com\/wp-content\/uploads\/2022\/11\/sirmersan-gri-logo-01-2.svg","contentUrl":"https:\/\/www.sirmersan.com\/wp-content\/uploads\/2022\/11\/sirmersan-gri-logo-01-2.svg","width":400,"height":100,"caption":"Sirmersan Mermer"},"image":{"@id":"https:\/\/www.sirmersan.com\/en\/#\/schema\/logo\/image\/"},"sameAs":["https:\/\/tr-tr.facebook.com\/sirmersanmarble\/","https:\/\/www.instagram.com\/sirmersanmarble\/","https:\/\/www.linkedin.com\/company\/sirmersan-marble-company-inc-\/"]}]}},"_links":{"self":[{"href":"https:\/\/www.sirmersan.com\/en\/wp-json\/wp\/v2\/product\/5146"}],"collection":[{"href":"https:\/\/www.sirmersan.com\/en\/wp-json\/wp\/v2\/product"}],"about":[{"href":"https:\/\/www.sirmersan.com\/en\/wp-json\/wp\/v2\/types\/product"}],"replies":[{"embeddable":true,"href":"https:\/\/www.sirmersan.com\/en\/wp-json\/wp\/v2\/comments?post=5146"}],"version-history":[{"count":0,"href":"https:\/\/www.sirmersan.com\/en\/wp-json\/wp\/v2\/product\/5146\/revisions"}],"wp:featuredmedia":[{"embeddable":true,"href":"https:\/\/www.sirmersan.com\/en\/wp-json\/wp\/v2\/media\/6867"}],"wp:attachment":[{"href":"https:\/\/www.sirmersan.com\/en\/wp-json\/wp\/v2\/media?parent=5146"}],"wp:term":[{"taxonomy":"product_cat","embeddable":true,"href":"https:\/\/www.sirmersan.com\/en\/wp-json\/wp\/v2\/product_cat?post=5146"},{"taxonomy":"product_tag","embeddable":true,"href":"https:\/\/www.sirmersan.com\/en\/wp-json\/wp\/v2\/product_tag?post=5146"}],"curies":[{"name":"wp","href":"https:\/\/api.w.org\/{rel}","templated":true}]}}