{"id":5073,"date":"2022-11-08T08:31:12","date_gmt":"2022-11-08T05:31:12","guid":{"rendered":"https:\/\/www.sirmersan.com\/product\/white-pearl\/"},"modified":"2024-03-22T15:57:49","modified_gmt":"2024-03-22T12:57:49","slug":"white-pearl","status":"publish","type":"product","link":"https:\/\/www.sirmersan.com\/en\/product\/white-pearl\/","title":{"rendered":"WHITE PEARL"},"content":{"rendered":"\t\t<div data-elementor-type=\"product-post\" data-elementor-id=\"5073\" class=\"elementor elementor-5073 elementor-364\">\n\t\t\t\t\t\t\t\t\t<section class=\"elementor-section elementor-top-section elementor-element elementor-element-deaf017 elementor-section-boxed elementor-section-height-default elementor-section-height-default parallax_section_no qode_elementor_container_no qode-content-aligment-left\" data-id=\"deaf017\" data-element_type=\"section\">\n\t\t\t\t\t\t<div class=\"elementor-container elementor-column-gap-default\">\n\t\t\t\t\t<div class=\"elementor-column elementor-col-50 elementor-top-column elementor-element elementor-element-68a3f50\" data-id=\"68a3f50\" data-element_type=\"column\">\n\t\t\t<div class=\"elementor-widget-wrap elementor-element-populated\">\n\t\t\t\t\t\t\t\t<div class=\"elementor-element elementor-element-4452323 e-transform elementor-widget elementor-widget-heading\" data-id=\"4452323\" data-element_type=\"widget\" data-settings=\"{&quot;_transform_rotateZ_effect&quot;:{&quot;unit&quot;:&quot;px&quot;,&quot;size&quot;:&quot;&quot;,&quot;sizes&quot;:[]},&quot;_transform_rotateZ_effect_tablet&quot;:{&quot;unit&quot;:&quot;px&quot;,&quot;size&quot;:&quot;&quot;,&quot;sizes&quot;:[]},&quot;_transform_rotateZ_effect_mobile&quot;:{&quot;unit&quot;:&quot;px&quot;,&quot;size&quot;:&quot;&quot;,&quot;sizes&quot;:[]}}\" data-widget_type=\"heading.default\">\n\t\t\t\t<div class=\"elementor-widget-container\">\n\t\t\t<style>\/*! elementor - v3.8.0 - 30-10-2022 *\/\n.elementor-heading-title{padding:0;margin:0;line-height:1}.elementor-widget-heading .elementor-heading-title[class*=elementor-size-]>a{color:inherit;font-size:inherit;line-height:inherit}.elementor-widget-heading .elementor-heading-title.elementor-size-small{font-size:15px}.elementor-widget-heading .elementor-heading-title.elementor-size-medium{font-size:19px}.elementor-widget-heading .elementor-heading-title.elementor-size-large{font-size:29px}.elementor-widget-heading .elementor-heading-title.elementor-size-xl{font-size:39px}.elementor-widget-heading .elementor-heading-title.elementor-size-xxl{font-size:59px}<\/style><h1 class=\"elementor-heading-title elementor-size-default\">WHITE PEARL<\/h1>\t\t<\/div>\n\t\t\t\t<\/div>\n\t\t\t\t\t<\/div>\n\t\t<\/div>\n\t\t\t\t<div class=\"elementor-column elementor-col-50 elementor-top-column elementor-element elementor-element-263d0fb\" data-id=\"263d0fb\" data-element_type=\"column\">\n\t\t\t<div class=\"elementor-widget-wrap elementor-element-populated\">\n\t\t\t\t\t\t\t\t<div class=\"elementor-element elementor-element-dd56f60 elementor-widget elementor-widget-woocommerce-breadcrumb\" data-id=\"dd56f60\" data-element_type=\"widget\" data-widget_type=\"woocommerce-breadcrumb.default\">\n\t\t\t\t<div class=\"elementor-widget-container\">\n\t\t\t<link rel=\"stylesheet\" href=\"https:\/\/www.sirmersan.com\/wp-content\/plugins\/elementor-pro\/assets\/css\/widget-woocommerce.min.css\"><nav class=\"woocommerce-breadcrumb\">Home<\/nav>\t\t<\/div>\n\t\t\t\t<\/div>\n\t\t\t\t\t<\/div>\n\t\t<\/div>\n\t\t\t\t\t\t\t<\/div>\n\t\t<\/section>\n\t\t\t\t<section class=\"elementor-section elementor-top-section elementor-element elementor-element-8203d67 elementor-section-boxed elementor-section-height-default elementor-section-height-default parallax_section_no qode_elementor_container_no qode-content-aligment-left\" data-id=\"8203d67\" data-element_type=\"section\" data-settings=\"{&quot;background_background&quot;:&quot;classic&quot;}\">\n\t\t\t\t\t\t<div class=\"elementor-container elementor-column-gap-default\">\n\t\t\t\t\t<div class=\"elementor-column elementor-col-50 elementor-top-column elementor-element elementor-element-0d66def\" data-id=\"0d66def\" data-element_type=\"column\">\n\t\t\t<div class=\"elementor-widget-wrap elementor-element-populated\">\n\t\t\t\t\t\t\t\t<div class=\"elementor-element elementor-element-6e48784 elementor-widget elementor-widget-image\" data-id=\"6e48784\" data-element_type=\"widget\" data-widget_type=\"image.default\">\n\t\t\t\t<div class=\"elementor-widget-container\">\n\t\t\t<style>\/*! elementor - v3.8.0 - 30-10-2022 *\/\n.elementor-widget-image{text-align:center}.elementor-widget-image a{display:inline-block}.elementor-widget-image a img[src$=\".svg\"]{width:48px}.elementor-widget-image img{vertical-align:middle;display:inline-block}<\/style>\t\t\t\t\t\t\t\t\t\t\t\t<img decoding=\"async\" width=\"1060\" height=\"636\" src=\"https:\/\/www.sirmersan.com\/wp-content\/uploads\/2022\/11\/2-WHITE-PEARL.jpeg\" class=\"attachment-full size-full\" alt=\"2 WHITE PEARL\" srcset=\"https:\/\/www.sirmersan.com\/wp-content\/uploads\/2022\/11\/2-WHITE-PEARL.jpeg 1060w, https:\/\/www.sirmersan.com\/wp-content\/uploads\/2022\/11\/2-WHITE-PEARL-300x180.jpeg 300w, https:\/\/www.sirmersan.com\/wp-content\/uploads\/2022\/11\/2-WHITE-PEARL-600x360.jpeg 600w, https:\/\/www.sirmersan.com\/wp-content\/uploads\/2022\/11\/2-WHITE-PEARL-1024x614.jpeg 1024w, https:\/\/www.sirmersan.com\/wp-content\/uploads\/2022\/11\/2-WHITE-PEARL-768x461.jpeg 768w, https:\/\/www.sirmersan.com\/wp-content\/uploads\/2022\/11\/2-WHITE-PEARL-700x420.jpeg 700w\" sizes=\"(max-width: 1060px) 100vw, 1060px\" \/>\t\t\t\t\t\t\t\t\t\t\t\t\t\t\t<\/div>\n\t\t\t\t<\/div>\n\t\t\t\t\t<\/div>\n\t\t<\/div>\n\t\t\t\t<div class=\"elementor-column elementor-col-50 elementor-top-column elementor-element elementor-element-a18e1a2\" data-id=\"a18e1a2\" data-element_type=\"column\">\n\t\t\t<div class=\"elementor-widget-wrap elementor-element-populated\">\n\t\t\t\t\t\t\t\t<div class=\"elementor-element elementor-element-93f8d62 elementor-widget elementor-widget-text-editor\" data-id=\"93f8d62\" data-element_type=\"widget\" data-widget_type=\"text-editor.default\">\n\t\t\t\t<div class=\"elementor-widget-container\">\n\t\t\t<style>\/*! elementor - v3.8.0 - 30-10-2022 *\/\n.elementor-widget-text-editor.elementor-drop-cap-view-stacked .elementor-drop-cap{background-color:#818a91;color:#fff}.elementor-widget-text-editor.elementor-drop-cap-view-framed .elementor-drop-cap{color:#818a91;border:3px solid;background-color:transparent}.elementor-widget-text-editor:not(.elementor-drop-cap-view-default) .elementor-drop-cap{margin-top:8px}.elementor-widget-text-editor:not(.elementor-drop-cap-view-default) .elementor-drop-cap-letter{width:1em;height:1em}.elementor-widget-text-editor .elementor-drop-cap{float:left;text-align:center;line-height:1;font-size:50px}.elementor-widget-text-editor .elementor-drop-cap-letter{display:inline-block}<\/style>\t\t\t\tYou are invited from the front row to the summit of the elegance of the stone flowing into life, with White Pearl\u00ae&#8230;\t\t\t\t\t\t<\/div>\n\t\t\t\t<\/div>\n\t\t\t\t<div class=\"elementor-element elementor-element-a6ba09b elementor-widget elementor-widget-text-editor\" data-id=\"a6ba09b\" data-element_type=\"widget\" data-widget_type=\"text-editor.default\">\n\t\t\t\t<div class=\"elementor-widget-container\">\n\t\t\t\t\t\t\t<p>It is one of our special marble collections. This marble has a very special structure and color. Due to its structure, its color becomes lighter as the moisture inside increases. It can be used easily indoors and outdoors. It adds freshness to the area where it is applied and is very suitable for decorative purposes in specially designed marble products.<\/p>\t\t\t\t\t\t<\/div>\n\t\t\t\t<\/div>\n\t\t\t\t\t<\/div>\n\t\t<\/div>\n\t\t\t\t\t\t\t<\/div>\n\t\t<\/section>\n\t\t\t\t<section class=\"elementor-section elementor-top-section elementor-element elementor-element-0eb9241 elementor-section-boxed elementor-section-height-default elementor-section-height-default parallax_section_no qode_elementor_container_no qode-content-aligment-left\" data-id=\"0eb9241\" data-element_type=\"section\">\n\t\t\t\t\t\t<div class=\"elementor-container elementor-column-gap-default\">\n\t\t\t\t\t<div class=\"elementor-column elementor-col-100 elementor-top-column elementor-element elementor-element-9062c5d\" data-id=\"9062c5d\" data-element_type=\"column\">\n\t\t\t<div class=\"elementor-widget-wrap elementor-element-populated\">\n\t\t\t\t\t\t\t\t<div class=\"elementor-element elementor-element-72796e0 elementor-widget elementor-widget-heading\" data-id=\"72796e0\" data-element_type=\"widget\" data-widget_type=\"heading.default\">\n\t\t\t\t<div class=\"elementor-widget-container\">\n\t\t\t<h2 class=\"elementor-heading-title elementor-size-default\">Our Projects<\/h2>\t\t<\/div>\n\t\t\t\t<\/div>\n\t\t\t\t<div class=\"elementor-element elementor-element-1987fb8 elementor-widget elementor-widget-portfolio_list\" data-id=\"1987fb8\" data-element_type=\"widget\" data-widget_type=\"portfolio_list.default\">\n\t\t\t\t<div class=\"elementor-widget-container\">\n\t\t\t<div class='projects_holder_outer v3 portfolio_with_space portfolio_standard  qode-filter-position-top'>\n\t    \t<div class='projects_holder clearfix v3 standard portfolio_default_image '>\n\t\t<article class=\"mix portfolio_category_101\">\n    <div class='image_holder '>\n        \n<span class='image'><img width=\"550\" height=\"498\" src=\"https:\/\/www.sirmersan.com\/wp-content\/uploads\/2022\/11\/idbod-550x498.png\" class=\"attachment-portfolio-default size-portfolio-default wp-post-image\" alt=\"idbod\" decoding=\"async\" loading=\"lazy\" srcset=\"https:\/\/www.sirmersan.com\/wp-content\/uploads\/2022\/11\/idbod-550x498.png 550w, https:\/\/www.sirmersan.com\/wp-content\/uploads\/2022\/11\/idbod-480x434.png 480w, https:\/\/www.sirmersan.com\/wp-content\/uploads\/2022\/11\/idbod-125x112.png 125w\" sizes=\"(max-width: 550px) 100vw, 550px\" \/><\/span>\n                    <a class='portfolio_link_class' href='https:\/\/www.sirmersan.com\/en\/proje\/id-bodrum-marble-project\/' target='_self'><\/a>\n\t\t\n        <div class=\"portfolio_shader\"><\/div>\n\t\t<div class=\"icons_holder\">\n\t<div class=\"icons_holder_inner\">\n\t\t\t\t\t<a class='portfolio_lightbox' title='idbod' href='https:\/\/www.sirmersan.com\/wp-content\/uploads\/2022\/11\/idbod.png' data-rel='prettyPhoto[pretty_photo_gallery]'><\/a>\n\t\t\t\t\t<\/div>\n<\/div>\n    <\/div>\n\n    <div class='portfolio_description  text_align_left' >\n            <h3 class=\"portfolio_title\" ><a href=\"https:\/\/www.sirmersan.com\/en\/proje\/id-bodrum-marble-project\/\" target=\"_self\"> ID Bodrum Marble Project<\/a><\/h3>\n    <\/div>\n<\/article>\n\t\t\t\t\t<div class='filler'><\/div>\n\t\t\t\t\t\t\t\t\t<div class='filler'><\/div>\n\t\t\t\t\t\t\t\t\t<div class='filler'><\/div>\n\t\t\t\t\t<\/div>\n\n    \n\t<\/div>\n\t\t<\/div>\n\t\t\t\t<\/div>\n\t\t\t\t\t<\/div>\n\t\t<\/div>\n\t\t\t\t\t\t\t<\/div>\n\t\t<\/section>\n\t\t\t\t\t\t\t<\/div>\n\t\t","protected":false},"excerpt":{"rendered":"<p>You are invited from the front row to the summit of the elegance of the stone flowing into life, with White Pearl\u00ae&#8230;<\/p>\n","protected":false},"featured_media":4441,"comment_status":"open","ping_status":"closed","template":"","meta":{"inline_featured_image":false},"product_cat":[76,74,75],"product_tag":[],"yoast_head":"<!-- This site is optimized with the Yoast SEO plugin v20.2.1 - https:\/\/yoast.com\/wordpress\/plugins\/seo\/ -->\n<title>WHITE PEARL Marble Tile Prices &amp; Styles | Sirmersan<\/title>\n<meta name=\"description\" content=\"Create a difference in your life with the special design WHITE PEARL Marble model, a product of the powerful architecture built by natural selection.\" \/>\n<meta name=\"robots\" content=\"index, follow, max-snippet:-1, max-image-preview:large, max-video-preview:-1\" \/>\n<link rel=\"canonical\" href=\"https:\/\/www.sirmersan.com\/en\/product\/white-pearl\/\" \/>\n<meta property=\"og:locale\" content=\"en_US\" \/>\n<meta property=\"og:type\" content=\"article\" \/>\n<meta property=\"og:title\" content=\"WHITE PEARL Marble Tile Prices &amp; Styles | Sirmersan\" \/>\n<meta property=\"og:description\" content=\"Create a difference in your life with the special design WHITE PEARL Marble model, a product of the powerful architecture built by natural selection.\" \/>\n<meta property=\"og:url\" content=\"https:\/\/www.sirmersan.com\/en\/product\/white-pearl\/\" \/>\n<meta property=\"og:site_name\" content=\"Sirmersan\" \/>\n<meta property=\"article:publisher\" content=\"https:\/\/tr-tr.facebook.com\/sirmersanmarble\/\" \/>\n<meta property=\"article:modified_time\" content=\"2024-03-22T12:57:49+00:00\" \/>\n<meta property=\"og:image\" content=\"https:\/\/www.sirmersan.com\/wp-content\/uploads\/2022\/11\/2-WHITE-PEARL.jpeg\" \/>\n\t<meta property=\"og:image:width\" content=\"1060\" \/>\n\t<meta property=\"og:image:height\" content=\"636\" \/>\n\t<meta property=\"og:image:type\" content=\"image\/jpeg\" \/>\n<meta name=\"twitter:card\" content=\"summary_large_image\" \/>\n<script type=\"application\/ld+json\" class=\"yoast-schema-graph\">{\"@context\":\"https:\/\/schema.org\",\"@graph\":[{\"@type\":\"WebPage\",\"@id\":\"https:\/\/www.sirmersan.com\/en\/product\/white-pearl\/\",\"url\":\"https:\/\/www.sirmersan.com\/en\/product\/white-pearl\/\",\"name\":\"WHITE PEARL Marble Tile Prices & Styles | Sirmersan\",\"isPartOf\":{\"@id\":\"https:\/\/www.sirmersan.com\/en\/#website\"},\"datePublished\":\"2022-11-08T05:31:12+00:00\",\"dateModified\":\"2024-03-22T12:57:49+00:00\",\"description\":\"Create a difference in your life with the special design WHITE PEARL Marble model, a product of the powerful architecture built by natural selection.\",\"breadcrumb\":{\"@id\":\"https:\/\/www.sirmersan.com\/en\/product\/white-pearl\/#breadcrumb\"},\"inLanguage\":\"en-US\",\"potentialAction\":[{\"@type\":\"ReadAction\",\"target\":[\"https:\/\/www.sirmersan.com\/en\/product\/white-pearl\/\"]}]},{\"@type\":\"BreadcrumbList\",\"@id\":\"https:\/\/www.sirmersan.com\/en\/product\/white-pearl\/#breadcrumb\",\"itemListElement\":[{\"@type\":\"ListItem\",\"position\":1,\"name\":\"Home\",\"item\":\"https:\/\/www.sirmersan.com\/en\/home-page\/\"},{\"@type\":\"ListItem\",\"position\":2,\"name\":\"Products\",\"item\":\"https:\/\/www.sirmersan.com\/en\/shop\/\"},{\"@type\":\"ListItem\",\"position\":3,\"name\":\"WHITE PEARL\"}]},{\"@type\":\"WebSite\",\"@id\":\"https:\/\/www.sirmersan.com\/en\/#website\",\"url\":\"https:\/\/www.sirmersan.com\/en\/\",\"name\":\"Sirmersan\",\"description\":\"Do\u011fal Ta\u015f Tasar\u0131m \u00dcr\u00fcnler ve Projeler\",\"publisher\":{\"@id\":\"https:\/\/www.sirmersan.com\/en\/#organization\"},\"potentialAction\":[{\"@type\":\"SearchAction\",\"target\":{\"@type\":\"EntryPoint\",\"urlTemplate\":\"https:\/\/www.sirmersan.com\/en\/?s={search_term_string}\"},\"query-input\":\"required name=search_term_string\"}],\"inLanguage\":\"en-US\"},{\"@type\":\"Organization\",\"@id\":\"https:\/\/www.sirmersan.com\/en\/#organization\",\"name\":\"Sirmersan Mermer\",\"url\":\"https:\/\/www.sirmersan.com\/en\/\",\"logo\":{\"@type\":\"ImageObject\",\"inLanguage\":\"en-US\",\"@id\":\"https:\/\/www.sirmersan.com\/en\/#\/schema\/logo\/image\/\",\"url\":\"https:\/\/www.sirmersan.com\/wp-content\/uploads\/2022\/11\/sirmersan-gri-logo-01-2.svg\",\"contentUrl\":\"https:\/\/www.sirmersan.com\/wp-content\/uploads\/2022\/11\/sirmersan-gri-logo-01-2.svg\",\"width\":400,\"height\":100,\"caption\":\"Sirmersan Mermer\"},\"image\":{\"@id\":\"https:\/\/www.sirmersan.com\/en\/#\/schema\/logo\/image\/\"},\"sameAs\":[\"https:\/\/tr-tr.facebook.com\/sirmersanmarble\/\",\"https:\/\/www.instagram.com\/sirmersanmarble\/\",\"https:\/\/www.linkedin.com\/company\/sirmersan-marble-company-inc-\/\"]}]}<\/script>\n<!-- \/ Yoast SEO plugin. -->","yoast_head_json":{"title":"WHITE PEARL Marble Tile Prices & Styles | Sirmersan","description":"Create a difference in your life with the special design WHITE PEARL Marble model, a product of the powerful architecture built by natural selection.","robots":{"index":"index","follow":"follow","max-snippet":"max-snippet:-1","max-image-preview":"max-image-preview:large","max-video-preview":"max-video-preview:-1"},"canonical":"https:\/\/www.sirmersan.com\/en\/product\/white-pearl\/","og_locale":"en_US","og_type":"article","og_title":"WHITE PEARL Marble Tile Prices & Styles | Sirmersan","og_description":"Create a difference in your life with the special design WHITE PEARL Marble model, a product of the powerful architecture built by natural selection.","og_url":"https:\/\/www.sirmersan.com\/en\/product\/white-pearl\/","og_site_name":"Sirmersan","article_publisher":"https:\/\/tr-tr.facebook.com\/sirmersanmarble\/","article_modified_time":"2024-03-22T12:57:49+00:00","og_image":[{"width":1060,"height":636,"url":"https:\/\/www.sirmersan.com\/wp-content\/uploads\/2022\/11\/2-WHITE-PEARL.jpeg","type":"image\/jpeg"}],"twitter_card":"summary_large_image","schema":{"@context":"https:\/\/schema.org","@graph":[{"@type":"WebPage","@id":"https:\/\/www.sirmersan.com\/en\/product\/white-pearl\/","url":"https:\/\/www.sirmersan.com\/en\/product\/white-pearl\/","name":"WHITE PEARL Marble Tile Prices & Styles | Sirmersan","isPartOf":{"@id":"https:\/\/www.sirmersan.com\/en\/#website"},"datePublished":"2022-11-08T05:31:12+00:00","dateModified":"2024-03-22T12:57:49+00:00","description":"Create a difference in your life with the special design WHITE PEARL Marble model, a product of the powerful architecture built by natural selection.","breadcrumb":{"@id":"https:\/\/www.sirmersan.com\/en\/product\/white-pearl\/#breadcrumb"},"inLanguage":"en-US","potentialAction":[{"@type":"ReadAction","target":["https:\/\/www.sirmersan.com\/en\/product\/white-pearl\/"]}]},{"@type":"BreadcrumbList","@id":"https:\/\/www.sirmersan.com\/en\/product\/white-pearl\/#breadcrumb","itemListElement":[{"@type":"ListItem","position":1,"name":"Home","item":"https:\/\/www.sirmersan.com\/en\/home-page\/"},{"@type":"ListItem","position":2,"name":"Products","item":"https:\/\/www.sirmersan.com\/en\/shop\/"},{"@type":"ListItem","position":3,"name":"WHITE PEARL"}]},{"@type":"WebSite","@id":"https:\/\/www.sirmersan.com\/en\/#website","url":"https:\/\/www.sirmersan.com\/en\/","name":"Sirmersan","description":"Do\u011fal Ta\u015f Tasar\u0131m \u00dcr\u00fcnler ve Projeler","publisher":{"@id":"https:\/\/www.sirmersan.com\/en\/#organization"},"potentialAction":[{"@type":"SearchAction","target":{"@type":"EntryPoint","urlTemplate":"https:\/\/www.sirmersan.com\/en\/?s={search_term_string}"},"query-input":"required name=search_term_string"}],"inLanguage":"en-US"},{"@type":"Organization","@id":"https:\/\/www.sirmersan.com\/en\/#organization","name":"Sirmersan Mermer","url":"https:\/\/www.sirmersan.com\/en\/","logo":{"@type":"ImageObject","inLanguage":"en-US","@id":"https:\/\/www.sirmersan.com\/en\/#\/schema\/logo\/image\/","url":"https:\/\/www.sirmersan.com\/wp-content\/uploads\/2022\/11\/sirmersan-gri-logo-01-2.svg","contentUrl":"https:\/\/www.sirmersan.com\/wp-content\/uploads\/2022\/11\/sirmersan-gri-logo-01-2.svg","width":400,"height":100,"caption":"Sirmersan Mermer"},"image":{"@id":"https:\/\/www.sirmersan.com\/en\/#\/schema\/logo\/image\/"},"sameAs":["https:\/\/tr-tr.facebook.com\/sirmersanmarble\/","https:\/\/www.instagram.com\/sirmersanmarble\/","https:\/\/www.linkedin.com\/company\/sirmersan-marble-company-inc-\/"]}]}},"_links":{"self":[{"href":"https:\/\/www.sirmersan.com\/en\/wp-json\/wp\/v2\/product\/5073"}],"collection":[{"href":"https:\/\/www.sirmersan.com\/en\/wp-json\/wp\/v2\/product"}],"about":[{"href":"https:\/\/www.sirmersan.com\/en\/wp-json\/wp\/v2\/types\/product"}],"replies":[{"embeddable":true,"href":"https:\/\/www.sirmersan.com\/en\/wp-json\/wp\/v2\/comments?post=5073"}],"version-history":[{"count":0,"href":"https:\/\/www.sirmersan.com\/en\/wp-json\/wp\/v2\/product\/5073\/revisions"}],"wp:featuredmedia":[{"embeddable":true,"href":"https:\/\/www.sirmersan.com\/en\/wp-json\/wp\/v2\/media\/4441"}],"wp:attachment":[{"href":"https:\/\/www.sirmersan.com\/en\/wp-json\/wp\/v2\/media?parent=5073"}],"wp:term":[{"taxonomy":"product_cat","embeddable":true,"href":"https:\/\/www.sirmersan.com\/en\/wp-json\/wp\/v2\/product_cat?post=5073"},{"taxonomy":"product_tag","embeddable":true,"href":"https:\/\/www.sirmersan.com\/en\/wp-json\/wp\/v2\/product_tag?post=5073"}],"curies":[{"name":"wp","href":"https:\/\/api.w.org\/{rel}","templated":true}]}}