{"id":5332,"date":"2023-01-24T11:59:27","date_gmt":"2023-01-24T08:59:27","guid":{"rendered":"https:\/\/www.sirmersan.com\/illumination-text-for-cameras\/"},"modified":"2023-02-01T17:50:11","modified_gmt":"2023-02-01T14:50:11","slug":"illumination-text-for-cameras","status":"publish","type":"page","link":"https:\/\/www.sirmersan.com\/en\/illumination-text-for-cameras\/","title":{"rendered":"Illumination Text for Cameras"},"content":{"rendered":"\t\t<div data-elementor-type=\"wp-page\" data-elementor-id=\"5332\" class=\"elementor elementor-5332 elementor-4372\">\n\t\t\t\t\t\t\t\t\t<section class=\"elementor-section elementor-top-section elementor-element elementor-element-b6ae891 elementor-section-boxed elementor-section-height-default elementor-section-height-default parallax_section_no qode_elementor_container_no qode-content-aligment-left\" data-id=\"b6ae891\" data-element_type=\"section\" data-settings=\"{&quot;background_background&quot;:&quot;classic&quot;}\">\n\t\t\t\t\t\t<div class=\"elementor-container elementor-column-gap-default\">\n\t\t\t\t\t<div class=\"elementor-column elementor-col-100 elementor-top-column elementor-element elementor-element-bb68fb6\" data-id=\"bb68fb6\" data-element_type=\"column\">\n\t\t\t<div class=\"elementor-widget-wrap elementor-element-populated\">\n\t\t\t\t\t\t\t\t<div class=\"elementor-element elementor-element-73ccdbf elementor-widget elementor-widget-text-editor\" data-id=\"73ccdbf\" data-element_type=\"widget\" data-widget_type=\"text-editor.default\">\n\t\t\t\t<div class=\"elementor-widget-container\">\n\t\t\t<style>\/*! elementor - v3.8.0 - 30-10-2022 *\/\n.elementor-widget-text-editor.elementor-drop-cap-view-stacked .elementor-drop-cap{background-color:#818a91;color:#fff}.elementor-widget-text-editor.elementor-drop-cap-view-framed .elementor-drop-cap{color:#818a91;border:3px solid;background-color:transparent}.elementor-widget-text-editor:not(.elementor-drop-cap-view-default) .elementor-drop-cap{margin-top:8px}.elementor-widget-text-editor:not(.elementor-drop-cap-view-default) .elementor-drop-cap-letter{width:1em;height:1em}.elementor-widget-text-editor .elementor-drop-cap{float:left;text-align:center;line-height:1;font-size:50px}.elementor-widget-text-editor .elementor-drop-cap-letter{display:inline-block}<\/style>\t\t\t\t<p><strong>LIGHTING TEXT FOR CLOSED CIRCUIT CAMERA RECORDING SYSTEM<\/strong><\/p>\n<ol>\n<li> <strong>DATA RESPONSIBLE and REPRESENTATIVE<\/strong><strong>;<\/strong><\/li>\n<\/ol>\n<p>This Clarification Text contains the procedures and procedures regarding the processing of personal data collected through closed circuit recording systems used in the buildings and annexes of <strong>SIRMERSAN MARBLE INDUSTRY INC.<\/strong> (hereinafter referred to as the &#8216;Company&#8217;) within the scope of the Law on Protection of Personal Data No. 6698 (&#8216;Law&#8217;). It has been arranged with the aim of enlightening the data owners about the principles.<\/p>\n<ol start=\"2\">\n<li><strong> PERSONAL DATA TO BE PROCESSED;<\/strong><\/li>\n<\/ol>\n<p>It includes the images of the people entering the camera&#8217;s field of view and the license plate data of the people who enter the Company building and parking lot with a vehicle.<\/p>\n<ol start=\"3\">\n<li><strong> PURPOSE OF PROCESSING PERSONAL DATA<\/strong><\/li>\n<\/ol>\n<p>Collected personal data, within the framework of the personal data processing conditions and purposes specified in Article 5 of the Law, for the purposes of ensuring the legal, technical and commercial occupational safety of the persons who have a business relationship with the company and ensuring the security of the company&#8217;s buildings and annexes, It is processed in order to help ensure and protect the security of customers, suppliers and fixtures, and to detect possible illegalities and to obtain evidence. In this context, all cameras are recording 24 hours a day, 7 days a week.<\/p>\n<ol start=\"4\">\n<li><strong> METHOD OF COLLECTING PERSONAL DATA AND LEGAL REASON<\/strong><\/li>\n<\/ol>\n<p>Personal data is collected through camera systems located in the Company&#8217;s buildings and annexes. Camera monitoring activities are carried out as part of the Company&#8217;s security policy. Personal data collected 5. and Within the scope of the personal data processing conditions and purposes specified in Article 6, it is processed for the legitimate interest of the data controller.<\/p>\n<\/p>\n<ol start=\"5\">\n<li><strong> THE PARTIES TO WHICH THE PROCESSED PERSONAL DATA IS TRANSFERRED AND THE PURPOSE OF TRANSFER<\/strong><\/li>\n<\/ol>\n<p>Your personal data may be shared with authorized public, institutions and organizations by providing administrative and technical security measures for the purposes described above, in accordance with the above-mentioned legal regulations and other legislative regulations.<\/p>\n<ol start=\"6\">\n<li><strong> STORAGE TIME <\/strong><\/li>\n<\/ol>\n<p>The camera recordings are kept by the Company for 1 month and are destroyed when the purpose for which they are processed ceases to exist and\/or when the storage period we have specified for processing your data in accordance with the legislation expires.<\/p>\n<ol start=\"7\">\n<li><strong>RIGHTS OF THE RELATED PERSON whose PERSONAL DATA IS PROCESSED<\/strong><\/li>\n<\/ol>\n<p>As a personal data owner, we declare that you have the following rights in accordance with Article 11 of the Law:<\/p>\n<ol>\n<li>Learning whether personal data is processed or not,<\/li>\n<li>If personal data has been processed, requesting information about it,<\/li>\n<li>Learning the purpose of processing personal data and whether they are used in accordance with its purpose,<\/li>\n<li>Knowing the third parties to whom personal data is transferred at home or abroad,<\/li>\n<li>Requesting correction of personal data in case of incomplete or incorrect processing,<\/li>\n<li>Requesting the deletion or destruction of personal data,<\/li>\n<li>In case of correction, deletion or destruction of personal data, requesting the notification of these processes to third parties to whom personal data has been transferred,<\/li>\n<li>Objecting to the emergence of a result against the person himself by analyzing the processed data exclusively through automated systems,<\/li>\n<li>To request the compensation of the damage in case of loss due to unlawful processing of personal data.<\/li>\n<\/ol>\n<p>The Personal Data Processing Law No. 6698 of the personal data we collect and process. It must be accurate and up-to-date when necessary. Therefore, in case of any change in your personal data, you can report your current and accurate personal information through the methods specified below.<\/p>\n<ol start=\"8\">\n<li><strong> METHOD OF APPLICATION TO DATA SPEAKER <\/strong><\/li>\n<\/ol>\n<p><strong>In case of a written request;<\/strong><\/p>\n<p> You can submit a wet-signed copy of the \u201cPDPA <strong>Application Form<\/strong>\u201d personally with a document identifying your identity or by proxy with a notarized power of attorney, which indicates that you are authorized to apply for the rights listed under Article 11, or through a notary public.<strong>Denizli OSB neighborhood \u0130brahim \u00c7all\u0131 Street No:6 Honaz\/DEN\u0130ZL\u0130<\/strong>You can send it to &#8220;.<\/p>\n<p><strong>In case of electronic request; <\/strong><\/p>\n<p>By signing the PDPA Application Form with an electronic or mobile signature with a &#8220;secure electronic signature&#8221; certificate defined in the Electronic Signature Law No. 5070, to our Company&#8217;s Registered Electronic Mail (KEP) address, or to the address you have previously notified to our Company and registered in our systems. You can forward it to the e-mail address \u201ckvkk@sirmersan.com\u201d by using the e-mail address.<\/p>\n<p>(Additional verifications (such as sending a message to your registered e-mail address, calling you) may be requested by us in order to determine whether the application belongs to you and to protect your rights. If the application is made by third parties on behalf of personal data owners, a special authorized power of attorney issued by the data owner at the notary must be given to the applicant.)<\/p>\n<p>Your requests to our company will be answered in writing or electronically, as soon as possible and within thirty days at the latest, depending on the nature of your request. <\/p>\n<p><strong> <\/strong><\/p>\n<p><strong> <\/strong><\/p>\n<p><strong> <\/strong><\/p>\n<p><strong> <\/strong><\/p>\n<p><strong> <\/strong><\/p>\n<p><strong> <\/strong><\/p>\n<p><strong>OUR COMPANY CONTACT INFORMATION<\/strong><\/p>\n<p><strong>Address: <\/strong><strong>Denizli OSB neighborhood \u0130brahim \u00c7all\u0131 Street No:6 Honaz\/DEN\u0130ZL\u0130 <\/strong><\/p>\n<p><strong>Phone: <\/strong>0258 269 10 28<\/p>\n<p><strong>E-mail: <\/strong>kvkk@sirmersan.com<\/p>\n<p>This Clarification Text may be revised by our Company when deemed necessary. In cases where a revision is in question, you will be informed about this issue.<strong>. <u>I accept and declare that I have read and understood this Clarification Text.<\/u><\/strong><\/p>\n<p>Name Surname:<\/p>\n<p>History: <\/p>\n<p>Signature :<\/p><\/p>\n\t\t\t\t\t\t<\/div>\n\t\t\t\t<\/div>\n\t\t\t\t\t<\/div>\n\t\t<\/div>\n\t\t\t\t\t\t\t<\/div>\n\t\t<\/section>\n\t\t\t\t\t\t\t<\/div>\n\t\t","protected":false},"excerpt":{"rendered":"<p>LIGHTING TEXT FOR CLOSED CIRCUIT CAMERA RECORDING SYSTEM DATA RESPONSIBLE and REPRESENTATIVE; This Clarification Text contains the procedures and procedures regarding the processing of personal data collected through closed circuit recording systems used in the buildings and annexes of SIRMERSAN MARBLE INDUSTRY INC. (hereinafter referred&#8230;<\/p>\n","protected":false},"author":1,"featured_media":0,"parent":0,"menu_order":0,"comment_status":"closed","ping_status":"closed","template":"","meta":{"inline_featured_image":false},"categories":[],"tags":[],"yoast_head":"<!-- This site is optimized with the Yoast SEO plugin v20.2.1 - https:\/\/yoast.com\/wordpress\/plugins\/seo\/ -->\n<title>Illumination Text for Cameras | Sirmersan<\/title>\n<meta name=\"robots\" content=\"index, follow, max-snippet:-1, max-image-preview:large, max-video-preview:-1\" \/>\n<link rel=\"canonical\" href=\"https:\/\/www.sirmersan.com\/en\/illumination-text-for-cameras\/\" \/>\n<meta property=\"og:locale\" content=\"en_US\" \/>\n<meta property=\"og:type\" content=\"article\" \/>\n<meta property=\"og:title\" content=\"Illumination Text for Cameras | Sirmersan\" \/>\n<meta property=\"og:description\" content=\"LIGHTING TEXT FOR CLOSED CIRCUIT CAMERA RECORDING SYSTEM DATA RESPONSIBLE and REPRESENTATIVE; This Clarification Text contains the procedures and procedures regarding the processing of personal data collected through closed circuit recording systems used in the buildings and annexes of SIRMERSAN MARBLE INDUSTRY INC. (hereinafter referred...\" \/>\n<meta property=\"og:url\" content=\"https:\/\/www.sirmersan.com\/en\/illumination-text-for-cameras\/\" \/>\n<meta property=\"og:site_name\" content=\"Sirmersan\" \/>\n<meta property=\"article:publisher\" content=\"https:\/\/tr-tr.facebook.com\/sirmersanmarble\/\" \/>\n<meta property=\"article:modified_time\" content=\"2023-02-01T14:50:11+00:00\" \/>\n<meta name=\"twitter:card\" content=\"summary_large_image\" \/>\n<meta name=\"twitter:label1\" content=\"Est. reading time\" \/>\n\t<meta name=\"twitter:data1\" content=\"4 minutes\" \/>\n<script type=\"application\/ld+json\" class=\"yoast-schema-graph\">{\"@context\":\"https:\/\/schema.org\",\"@graph\":[{\"@type\":\"WebPage\",\"@id\":\"https:\/\/www.sirmersan.com\/en\/illumination-text-for-cameras\/\",\"url\":\"https:\/\/www.sirmersan.com\/en\/illumination-text-for-cameras\/\",\"name\":\"Illumination Text for Cameras | Sirmersan\",\"isPartOf\":{\"@id\":\"https:\/\/www.sirmersan.com\/en\/#website\"},\"datePublished\":\"2023-01-24T08:59:27+00:00\",\"dateModified\":\"2023-02-01T14:50:11+00:00\",\"breadcrumb\":{\"@id\":\"https:\/\/www.sirmersan.com\/en\/illumination-text-for-cameras\/#breadcrumb\"},\"inLanguage\":\"en-US\",\"potentialAction\":[{\"@type\":\"ReadAction\",\"target\":[\"https:\/\/www.sirmersan.com\/en\/illumination-text-for-cameras\/\"]}]},{\"@type\":\"BreadcrumbList\",\"@id\":\"https:\/\/www.sirmersan.com\/en\/illumination-text-for-cameras\/#breadcrumb\",\"itemListElement\":[{\"@type\":\"ListItem\",\"position\":1,\"name\":\"Home\",\"item\":\"https:\/\/www.sirmersan.com\/en\/home-page\/\"},{\"@type\":\"ListItem\",\"position\":2,\"name\":\"Illumination Text for Cameras\"}]},{\"@type\":\"WebSite\",\"@id\":\"https:\/\/www.sirmersan.com\/en\/#website\",\"url\":\"https:\/\/www.sirmersan.com\/en\/\",\"name\":\"Sirmersan\",\"description\":\"Do\u011fal Ta\u015f Tasar\u0131m \u00dcr\u00fcnler ve Projeler\",\"publisher\":{\"@id\":\"https:\/\/www.sirmersan.com\/en\/#organization\"},\"potentialAction\":[{\"@type\":\"SearchAction\",\"target\":{\"@type\":\"EntryPoint\",\"urlTemplate\":\"https:\/\/www.sirmersan.com\/en\/?s={search_term_string}\"},\"query-input\":\"required name=search_term_string\"}],\"inLanguage\":\"en-US\"},{\"@type\":\"Organization\",\"@id\":\"https:\/\/www.sirmersan.com\/en\/#organization\",\"name\":\"Sirmersan Mermer\",\"url\":\"https:\/\/www.sirmersan.com\/en\/\",\"logo\":{\"@type\":\"ImageObject\",\"inLanguage\":\"en-US\",\"@id\":\"https:\/\/www.sirmersan.com\/en\/#\/schema\/logo\/image\/\",\"url\":\"https:\/\/www.sirmersan.com\/wp-content\/uploads\/2022\/11\/sirmersan-gri-logo-01-2.svg\",\"contentUrl\":\"https:\/\/www.sirmersan.com\/wp-content\/uploads\/2022\/11\/sirmersan-gri-logo-01-2.svg\",\"width\":400,\"height\":100,\"caption\":\"Sirmersan Mermer\"},\"image\":{\"@id\":\"https:\/\/www.sirmersan.com\/en\/#\/schema\/logo\/image\/\"},\"sameAs\":[\"https:\/\/tr-tr.facebook.com\/sirmersanmarble\/\",\"https:\/\/www.instagram.com\/sirmersanmarble\/\",\"https:\/\/www.linkedin.com\/company\/sirmersan-marble-company-inc-\/\"]}]}<\/script>\n<!-- \/ Yoast SEO plugin. -->","yoast_head_json":{"title":"Illumination Text for Cameras | Sirmersan","robots":{"index":"index","follow":"follow","max-snippet":"max-snippet:-1","max-image-preview":"max-image-preview:large","max-video-preview":"max-video-preview:-1"},"canonical":"https:\/\/www.sirmersan.com\/en\/illumination-text-for-cameras\/","og_locale":"en_US","og_type":"article","og_title":"Illumination Text for Cameras | Sirmersan","og_description":"LIGHTING TEXT FOR CLOSED CIRCUIT CAMERA RECORDING SYSTEM DATA RESPONSIBLE and REPRESENTATIVE; This Clarification Text contains the procedures and procedures regarding the processing of personal data collected through closed circuit recording systems used in the buildings and annexes of SIRMERSAN MARBLE INDUSTRY INC. (hereinafter referred...","og_url":"https:\/\/www.sirmersan.com\/en\/illumination-text-for-cameras\/","og_site_name":"Sirmersan","article_publisher":"https:\/\/tr-tr.facebook.com\/sirmersanmarble\/","article_modified_time":"2023-02-01T14:50:11+00:00","twitter_card":"summary_large_image","twitter_misc":{"Est. reading time":"4 minutes"},"schema":{"@context":"https:\/\/schema.org","@graph":[{"@type":"WebPage","@id":"https:\/\/www.sirmersan.com\/en\/illumination-text-for-cameras\/","url":"https:\/\/www.sirmersan.com\/en\/illumination-text-for-cameras\/","name":"Illumination Text for Cameras | Sirmersan","isPartOf":{"@id":"https:\/\/www.sirmersan.com\/en\/#website"},"datePublished":"2023-01-24T08:59:27+00:00","dateModified":"2023-02-01T14:50:11+00:00","breadcrumb":{"@id":"https:\/\/www.sirmersan.com\/en\/illumination-text-for-cameras\/#breadcrumb"},"inLanguage":"en-US","potentialAction":[{"@type":"ReadAction","target":["https:\/\/www.sirmersan.com\/en\/illumination-text-for-cameras\/"]}]},{"@type":"BreadcrumbList","@id":"https:\/\/www.sirmersan.com\/en\/illumination-text-for-cameras\/#breadcrumb","itemListElement":[{"@type":"ListItem","position":1,"name":"Home","item":"https:\/\/www.sirmersan.com\/en\/home-page\/"},{"@type":"ListItem","position":2,"name":"Illumination Text for Cameras"}]},{"@type":"WebSite","@id":"https:\/\/www.sirmersan.com\/en\/#website","url":"https:\/\/www.sirmersan.com\/en\/","name":"Sirmersan","description":"Do\u011fal Ta\u015f Tasar\u0131m \u00dcr\u00fcnler ve Projeler","publisher":{"@id":"https:\/\/www.sirmersan.com\/en\/#organization"},"potentialAction":[{"@type":"SearchAction","target":{"@type":"EntryPoint","urlTemplate":"https:\/\/www.sirmersan.com\/en\/?s={search_term_string}"},"query-input":"required name=search_term_string"}],"inLanguage":"en-US"},{"@type":"Organization","@id":"https:\/\/www.sirmersan.com\/en\/#organization","name":"Sirmersan Mermer","url":"https:\/\/www.sirmersan.com\/en\/","logo":{"@type":"ImageObject","inLanguage":"en-US","@id":"https:\/\/www.sirmersan.com\/en\/#\/schema\/logo\/image\/","url":"https:\/\/www.sirmersan.com\/wp-content\/uploads\/2022\/11\/sirmersan-gri-logo-01-2.svg","contentUrl":"https:\/\/www.sirmersan.com\/wp-content\/uploads\/2022\/11\/sirmersan-gri-logo-01-2.svg","width":400,"height":100,"caption":"Sirmersan Mermer"},"image":{"@id":"https:\/\/www.sirmersan.com\/en\/#\/schema\/logo\/image\/"},"sameAs":["https:\/\/tr-tr.facebook.com\/sirmersanmarble\/","https:\/\/www.instagram.com\/sirmersanmarble\/","https:\/\/www.linkedin.com\/company\/sirmersan-marble-company-inc-\/"]}]}},"_links":{"self":[{"href":"https:\/\/www.sirmersan.com\/en\/wp-json\/wp\/v2\/pages\/5332"}],"collection":[{"href":"https:\/\/www.sirmersan.com\/en\/wp-json\/wp\/v2\/pages"}],"about":[{"href":"https:\/\/www.sirmersan.com\/en\/wp-json\/wp\/v2\/types\/page"}],"author":[{"embeddable":true,"href":"https:\/\/www.sirmersan.com\/en\/wp-json\/wp\/v2\/users\/1"}],"replies":[{"embeddable":true,"href":"https:\/\/www.sirmersan.com\/en\/wp-json\/wp\/v2\/comments?post=5332"}],"version-history":[{"count":0,"href":"https:\/\/www.sirmersan.com\/en\/wp-json\/wp\/v2\/pages\/5332\/revisions"}],"wp:attachment":[{"href":"https:\/\/www.sirmersan.com\/en\/wp-json\/wp\/v2\/media?parent=5332"}],"wp:term":[{"taxonomy":"category","embeddable":true,"href":"https:\/\/www.sirmersan.com\/en\/wp-json\/wp\/v2\/categories?post=5332"},{"taxonomy":"post_tag","embeddable":true,"href":"https:\/\/www.sirmersan.com\/en\/wp-json\/wp\/v2\/tags?post=5332"}],"curies":[{"name":"wp","href":"https:\/\/api.w.org\/{rel}","templated":true}]}}