{"id":5248,"date":"2022-12-02T08:39:24","date_gmt":"2022-12-02T05:39:24","guid":{"rendered":"https:\/\/www.sirmersan.com\/special-transactions\/"},"modified":"2023-12-12T16:27:43","modified_gmt":"2023-12-12T13:27:43","slug":"special-transactions","status":"publish","type":"page","link":"https:\/\/www.sirmersan.com\/en\/special-transactions\/","title":{"rendered":"Processing Techniques"},"content":{"rendered":"\t\t<div data-elementor-type=\"wp-page\" data-elementor-id=\"5248\" class=\"elementor elementor-5248 elementor-1851\">\n\t\t\t\t\t\t\t\t\t<section class=\"elementor-section elementor-top-section elementor-element elementor-element-d7d5c28 elementor-section-boxed elementor-section-height-default elementor-section-height-default parallax_section_no qode_elementor_container_no qode-content-aligment-left\" data-id=\"d7d5c28\" data-element_type=\"section\" data-settings=\"{&quot;background_background&quot;:&quot;classic&quot;}\">\n\t\t\t\t\t\t<div class=\"elementor-container elementor-column-gap-default\">\n\t\t\t\t\t<div class=\"elementor-column elementor-col-33 elementor-top-column elementor-element elementor-element-c9811d4\" data-id=\"c9811d4\" data-element_type=\"column\">\n\t\t\t<div class=\"elementor-widget-wrap elementor-element-populated\">\n\t\t\t\t\t\t\t\t<div class=\"elementor-element elementor-element-9bcf5fb elementor-position-top elementor-vertical-align-top elementor-widget elementor-widget-image-box\" data-id=\"9bcf5fb\" data-element_type=\"widget\" data-widget_type=\"image-box.default\">\n\t\t\t\t<div class=\"elementor-widget-container\">\n\t\t\t<style>\/*! elementor - v3.8.0 - 30-10-2022 *\/\n.elementor-widget-image-box .elementor-image-box-content{width:100%}@media (min-width:768px){.elementor-widget-image-box.elementor-position-left .elementor-image-box-wrapper,.elementor-widget-image-box.elementor-position-right .elementor-image-box-wrapper{display:-webkit-box;display:-ms-flexbox;display:flex}.elementor-widget-image-box.elementor-position-right .elementor-image-box-wrapper{text-align:right;-webkit-box-orient:horizontal;-webkit-box-direction:reverse;-ms-flex-direction:row-reverse;flex-direction:row-reverse}.elementor-widget-image-box.elementor-position-left .elementor-image-box-wrapper{text-align:left;-webkit-box-orient:horizontal;-webkit-box-direction:normal;-ms-flex-direction:row;flex-direction:row}.elementor-widget-image-box.elementor-position-top .elementor-image-box-img{margin:auto}.elementor-widget-image-box.elementor-vertical-align-top .elementor-image-box-wrapper{-webkit-box-align:start;-ms-flex-align:start;align-items:flex-start}.elementor-widget-image-box.elementor-vertical-align-middle .elementor-image-box-wrapper{-webkit-box-align:center;-ms-flex-align:center;align-items:center}.elementor-widget-image-box.elementor-vertical-align-bottom .elementor-image-box-wrapper{-webkit-box-align:end;-ms-flex-align:end;align-items:flex-end}}@media (max-width:767px){.elementor-widget-image-box .elementor-image-box-img{margin-left:auto!important;margin-right:auto!important;margin-bottom:15px}}.elementor-widget-image-box .elementor-image-box-img{display:inline-block}.elementor-widget-image-box .elementor-image-box-title a{color:inherit}.elementor-widget-image-box .elementor-image-box-wrapper{text-align:center}.elementor-widget-image-box .elementor-image-box-description{margin:0}<\/style><div class=\"elementor-image-box-wrapper\"><figure class=\"elementor-image-box-img\"><a href=\"https:\/\/www.sirmersan.com\/en\/special-transactions\/edge-works\/\"><img decoding=\"async\" width=\"1080\" height=\"1080\" src=\"https:\/\/www.sirmersan.com\/wp-content\/uploads\/2023\/03\/edgeworks.jpeg\" class=\"elementor-animation-shrink attachment-full size-full\" alt=\"edgeworks\" \/><\/a><\/figure><div class=\"elementor-image-box-content\"><h3 class=\"elementor-image-box-title\"><a href=\"https:\/\/www.sirmersan.com\/en\/special-transactions\/edge-works\/\">Edge Works<\/a><\/h3><\/div><\/div>\t\t<\/div>\n\t\t\t\t<\/div>\n\t\t\t\t\t<\/div>\n\t\t<\/div>\n\t\t\t\t<div class=\"elementor-column elementor-col-33 elementor-top-column elementor-element elementor-element-9dbbf07\" data-id=\"9dbbf07\" data-element_type=\"column\">\n\t\t\t<div class=\"elementor-widget-wrap elementor-element-populated\">\n\t\t\t\t\t\t\t\t<div class=\"elementor-element elementor-element-c109f88 elementor-position-top elementor-vertical-align-top elementor-widget elementor-widget-image-box\" data-id=\"c109f88\" data-element_type=\"widget\" data-widget_type=\"image-box.default\">\n\t\t\t\t<div class=\"elementor-widget-container\">\n\t\t\t<div class=\"elementor-image-box-wrapper\"><figure class=\"elementor-image-box-img\"><a href=\"https:\/\/www.sirmersan.com\/en\/special-transactions\/surface-treatments\/\"><img decoding=\"async\" width=\"1080\" height=\"1089\" src=\"https:\/\/www.sirmersan.com\/wp-content\/uploads\/2023\/03\/surfaceworks.jpeg\" class=\"elementor-animation-shrink attachment-full size-full\" alt=\"surfaceworks\" \/><\/a><\/figure><div class=\"elementor-image-box-content\"><h3 class=\"elementor-image-box-title\"><a href=\"https:\/\/www.sirmersan.com\/en\/special-transactions\/surface-treatments\/\">Surface Treatments<\/a><\/h3><\/div><\/div>\t\t<\/div>\n\t\t\t\t<\/div>\n\t\t\t\t\t<\/div>\n\t\t<\/div>\n\t\t\t\t<div class=\"elementor-column elementor-col-33 elementor-top-column elementor-element elementor-element-fcfd884\" data-id=\"fcfd884\" data-element_type=\"column\">\n\t\t\t<div class=\"elementor-widget-wrap elementor-element-populated\">\n\t\t\t\t\t\t\t\t<div class=\"elementor-element elementor-element-af02376 elementor-position-top elementor-vertical-align-top elementor-widget elementor-widget-image-box\" data-id=\"af02376\" data-element_type=\"widget\" data-widget_type=\"image-box.default\">\n\t\t\t\t<div class=\"elementor-widget-container\">\n\t\t\t<div class=\"elementor-image-box-wrapper\"><figure class=\"elementor-image-box-img\"><a href=\"https:\/\/www.sirmersan.com\/en\/special-transactions\/lamination\/\"><img decoding=\"async\" width=\"1080\" height=\"1080\" src=\"https:\/\/www.sirmersan.com\/wp-content\/uploads\/2023\/03\/5-Lamination.jpeg\" class=\"elementor-animation-shrink attachment-full size-full\" alt=\"5-Lamination\" \/><\/a><\/figure><div class=\"elementor-image-box-content\"><h3 class=\"elementor-image-box-title\"><a href=\"https:\/\/www.sirmersan.com\/en\/special-transactions\/lamination\/\">Laminations<\/a><\/h3><\/div><\/div>\t\t<\/div>\n\t\t\t\t<\/div>\n\t\t\t\t\t<\/div>\n\t\t<\/div>\n\t\t\t\t\t\t\t<\/div>\n\t\t<\/section>\n\t\t\t\t\t\t\t<\/div>\n\t\t","protected":false},"excerpt":{"rendered":"<p>Edge Works Surface Treatments Laminations<\/p>\n","protected":false},"author":1,"featured_media":4798,"parent":0,"menu_order":0,"comment_status":"closed","ping_status":"closed","template":"","meta":{"inline_featured_image":false},"categories":[],"tags":[94],"yoast_head":"<!-- This site is optimized with the Yoast SEO plugin v20.2.1 - https:\/\/yoast.com\/wordpress\/plugins\/seo\/ -->\n<title>Marble &amp; Natural Stone Processing Techniques | Sirmersan<\/title>\n<meta name=\"description\" content=\"Sirmersan, with its marble collection over 60 different types of natural stones, achieves an aesthetic structure. Click to view the special transactions.\" \/>\n<meta name=\"robots\" content=\"index, follow, max-snippet:-1, max-image-preview:large, max-video-preview:-1\" \/>\n<link rel=\"canonical\" href=\"https:\/\/www.sirmersan.com\/en\/special-transactions\/\" \/>\n<meta property=\"og:locale\" content=\"en_US\" \/>\n<meta property=\"og:type\" content=\"article\" \/>\n<meta property=\"og:title\" content=\"Marble &amp; Natural Stone Processing Techniques | Sirmersan\" \/>\n<meta property=\"og:description\" content=\"Sirmersan, with its marble collection over 60 different types of natural stones, achieves an aesthetic structure. Click to view the special transactions.\" \/>\n<meta property=\"og:url\" content=\"https:\/\/www.sirmersan.com\/en\/special-transactions\/\" \/>\n<meta property=\"og:site_name\" content=\"Sirmersan\" \/>\n<meta property=\"article:publisher\" content=\"https:\/\/tr-tr.facebook.com\/sirmersanmarble\/\" \/>\n<meta property=\"article:modified_time\" content=\"2023-12-12T13:27:43+00:00\" \/>\n<meta property=\"og:image\" content=\"https:\/\/www.sirmersan.com\/wp-content\/uploads\/2022\/12\/tile.jpeg\" \/>\n\t<meta property=\"og:image:width\" content=\"1920\" \/>\n\t<meta property=\"og:image:height\" content=\"450\" \/>\n\t<meta property=\"og:image:type\" content=\"image\/jpeg\" \/>\n<meta name=\"twitter:card\" content=\"summary_large_image\" \/>\n<meta name=\"twitter:label1\" content=\"Est. reading time\" \/>\n\t<meta name=\"twitter:data1\" content=\"1 minute\" \/>\n<script type=\"application\/ld+json\" class=\"yoast-schema-graph\">{\"@context\":\"https:\/\/schema.org\",\"@graph\":[{\"@type\":\"WebPage\",\"@id\":\"https:\/\/www.sirmersan.com\/en\/special-transactions\/\",\"url\":\"https:\/\/www.sirmersan.com\/en\/special-transactions\/\",\"name\":\"Marble & Natural Stone Processing Techniques | Sirmersan\",\"isPartOf\":{\"@id\":\"https:\/\/www.sirmersan.com\/en\/#website\"},\"datePublished\":\"2022-12-02T05:39:24+00:00\",\"dateModified\":\"2023-12-12T13:27:43+00:00\",\"description\":\"Sirmersan, with its marble collection over 60 different types of natural stones, achieves an aesthetic structure. Click to view the special transactions.\",\"breadcrumb\":{\"@id\":\"https:\/\/www.sirmersan.com\/en\/special-transactions\/#breadcrumb\"},\"inLanguage\":\"en-US\",\"potentialAction\":[{\"@type\":\"ReadAction\",\"target\":[\"https:\/\/www.sirmersan.com\/en\/special-transactions\/\"]}]},{\"@type\":\"BreadcrumbList\",\"@id\":\"https:\/\/www.sirmersan.com\/en\/special-transactions\/#breadcrumb\",\"itemListElement\":[{\"@type\":\"ListItem\",\"position\":1,\"name\":\"Home\",\"item\":\"https:\/\/www.sirmersan.com\/en\/home-page\/\"},{\"@type\":\"ListItem\",\"position\":2,\"name\":\"Processing Techniques\"}]},{\"@type\":\"WebSite\",\"@id\":\"https:\/\/www.sirmersan.com\/en\/#website\",\"url\":\"https:\/\/www.sirmersan.com\/en\/\",\"name\":\"Sirmersan\",\"description\":\"Do\u011fal Ta\u015f Tasar\u0131m \u00dcr\u00fcnler ve Projeler\",\"publisher\":{\"@id\":\"https:\/\/www.sirmersan.com\/en\/#organization\"},\"potentialAction\":[{\"@type\":\"SearchAction\",\"target\":{\"@type\":\"EntryPoint\",\"urlTemplate\":\"https:\/\/www.sirmersan.com\/en\/?s={search_term_string}\"},\"query-input\":\"required name=search_term_string\"}],\"inLanguage\":\"en-US\"},{\"@type\":\"Organization\",\"@id\":\"https:\/\/www.sirmersan.com\/en\/#organization\",\"name\":\"Sirmersan Mermer\",\"url\":\"https:\/\/www.sirmersan.com\/en\/\",\"logo\":{\"@type\":\"ImageObject\",\"inLanguage\":\"en-US\",\"@id\":\"https:\/\/www.sirmersan.com\/en\/#\/schema\/logo\/image\/\",\"url\":\"https:\/\/www.sirmersan.com\/wp-content\/uploads\/2022\/11\/sirmersan-gri-logo-01-2.svg\",\"contentUrl\":\"https:\/\/www.sirmersan.com\/wp-content\/uploads\/2022\/11\/sirmersan-gri-logo-01-2.svg\",\"width\":400,\"height\":100,\"caption\":\"Sirmersan Mermer\"},\"image\":{\"@id\":\"https:\/\/www.sirmersan.com\/en\/#\/schema\/logo\/image\/\"},\"sameAs\":[\"https:\/\/tr-tr.facebook.com\/sirmersanmarble\/\",\"https:\/\/www.instagram.com\/sirmersanmarble\/\",\"https:\/\/www.linkedin.com\/company\/sirmersan-marble-company-inc-\/\"]}]}<\/script>\n<!-- \/ Yoast SEO plugin. -->","yoast_head_json":{"title":"Marble & Natural Stone Processing Techniques | Sirmersan","description":"Sirmersan, with its marble collection over 60 different types of natural stones, achieves an aesthetic structure. Click to view the special transactions.","robots":{"index":"index","follow":"follow","max-snippet":"max-snippet:-1","max-image-preview":"max-image-preview:large","max-video-preview":"max-video-preview:-1"},"canonical":"https:\/\/www.sirmersan.com\/en\/special-transactions\/","og_locale":"en_US","og_type":"article","og_title":"Marble & Natural Stone Processing Techniques | Sirmersan","og_description":"Sirmersan, with its marble collection over 60 different types of natural stones, achieves an aesthetic structure. Click to view the special transactions.","og_url":"https:\/\/www.sirmersan.com\/en\/special-transactions\/","og_site_name":"Sirmersan","article_publisher":"https:\/\/tr-tr.facebook.com\/sirmersanmarble\/","article_modified_time":"2023-12-12T13:27:43+00:00","og_image":[{"width":1920,"height":450,"url":"https:\/\/www.sirmersan.com\/wp-content\/uploads\/2022\/12\/tile.jpeg","type":"image\/jpeg"}],"twitter_card":"summary_large_image","twitter_misc":{"Est. reading time":"1 minute"},"schema":{"@context":"https:\/\/schema.org","@graph":[{"@type":"WebPage","@id":"https:\/\/www.sirmersan.com\/en\/special-transactions\/","url":"https:\/\/www.sirmersan.com\/en\/special-transactions\/","name":"Marble & Natural Stone Processing Techniques | Sirmersan","isPartOf":{"@id":"https:\/\/www.sirmersan.com\/en\/#website"},"datePublished":"2022-12-02T05:39:24+00:00","dateModified":"2023-12-12T13:27:43+00:00","description":"Sirmersan, with its marble collection over 60 different types of natural stones, achieves an aesthetic structure. Click to view the special transactions.","breadcrumb":{"@id":"https:\/\/www.sirmersan.com\/en\/special-transactions\/#breadcrumb"},"inLanguage":"en-US","potentialAction":[{"@type":"ReadAction","target":["https:\/\/www.sirmersan.com\/en\/special-transactions\/"]}]},{"@type":"BreadcrumbList","@id":"https:\/\/www.sirmersan.com\/en\/special-transactions\/#breadcrumb","itemListElement":[{"@type":"ListItem","position":1,"name":"Home","item":"https:\/\/www.sirmersan.com\/en\/home-page\/"},{"@type":"ListItem","position":2,"name":"Processing Techniques"}]},{"@type":"WebSite","@id":"https:\/\/www.sirmersan.com\/en\/#website","url":"https:\/\/www.sirmersan.com\/en\/","name":"Sirmersan","description":"Do\u011fal Ta\u015f Tasar\u0131m \u00dcr\u00fcnler ve Projeler","publisher":{"@id":"https:\/\/www.sirmersan.com\/en\/#organization"},"potentialAction":[{"@type":"SearchAction","target":{"@type":"EntryPoint","urlTemplate":"https:\/\/www.sirmersan.com\/en\/?s={search_term_string}"},"query-input":"required name=search_term_string"}],"inLanguage":"en-US"},{"@type":"Organization","@id":"https:\/\/www.sirmersan.com\/en\/#organization","name":"Sirmersan Mermer","url":"https:\/\/www.sirmersan.com\/en\/","logo":{"@type":"ImageObject","inLanguage":"en-US","@id":"https:\/\/www.sirmersan.com\/en\/#\/schema\/logo\/image\/","url":"https:\/\/www.sirmersan.com\/wp-content\/uploads\/2022\/11\/sirmersan-gri-logo-01-2.svg","contentUrl":"https:\/\/www.sirmersan.com\/wp-content\/uploads\/2022\/11\/sirmersan-gri-logo-01-2.svg","width":400,"height":100,"caption":"Sirmersan Mermer"},"image":{"@id":"https:\/\/www.sirmersan.com\/en\/#\/schema\/logo\/image\/"},"sameAs":["https:\/\/tr-tr.facebook.com\/sirmersanmarble\/","https:\/\/www.instagram.com\/sirmersanmarble\/","https:\/\/www.linkedin.com\/company\/sirmersan-marble-company-inc-\/"]}]}},"_links":{"self":[{"href":"https:\/\/www.sirmersan.com\/en\/wp-json\/wp\/v2\/pages\/5248"}],"collection":[{"href":"https:\/\/www.sirmersan.com\/en\/wp-json\/wp\/v2\/pages"}],"about":[{"href":"https:\/\/www.sirmersan.com\/en\/wp-json\/wp\/v2\/types\/page"}],"author":[{"embeddable":true,"href":"https:\/\/www.sirmersan.com\/en\/wp-json\/wp\/v2\/users\/1"}],"replies":[{"embeddable":true,"href":"https:\/\/www.sirmersan.com\/en\/wp-json\/wp\/v2\/comments?post=5248"}],"version-history":[{"count":0,"href":"https:\/\/www.sirmersan.com\/en\/wp-json\/wp\/v2\/pages\/5248\/revisions"}],"wp:featuredmedia":[{"embeddable":true,"href":"https:\/\/www.sirmersan.com\/en\/wp-json\/wp\/v2\/media\/4798"}],"wp:attachment":[{"href":"https:\/\/www.sirmersan.com\/en\/wp-json\/wp\/v2\/media?parent=5248"}],"wp:term":[{"taxonomy":"category","embeddable":true,"href":"https:\/\/www.sirmersan.com\/en\/wp-json\/wp\/v2\/categories?post=5248"},{"taxonomy":"post_tag","embeddable":true,"href":"https:\/\/www.sirmersan.com\/en\/wp-json\/wp\/v2\/tags?post=5248"}],"curies":[{"name":"wp","href":"https:\/\/api.w.org\/{rel}","templated":true}]}}