{"id":5238,"date":"2022-12-02T08:18:37","date_gmt":"2022-12-02T05:18:37","guid":{"rendered":"https:\/\/www.sirmersan.com\/about-us\/"},"modified":"2024-07-11T18:19:49","modified_gmt":"2024-07-11T15:19:49","slug":"about-us","status":"publish","type":"page","link":"https:\/\/www.sirmersan.com\/en\/about-us\/","title":{"rendered":"About Us"},"content":{"rendered":"\t\t<div data-elementor-type=\"wp-page\" data-elementor-id=\"5238\" class=\"elementor elementor-5238 elementor-1793\">\n\t\t\t\t\t\t\t\t\t<section class=\"elementor-section elementor-top-section elementor-element elementor-element-5926a18 elementor-section-full_width elementor-section-stretched elementor-section-height-default elementor-section-height-default parallax_section_no qode_elementor_container_no qode-content-aligment-left\" data-id=\"5926a18\" data-element_type=\"section\" data-settings=\"{&quot;stretch_section&quot;:&quot;section-stretched&quot;}\">\n\t\t\t\t\t\t<div class=\"elementor-container elementor-column-gap-no\">\n\t\t\t\t\t<div class=\"elementor-column elementor-col-50 elementor-top-column elementor-element elementor-element-41ed6a3\" data-id=\"41ed6a3\" data-element_type=\"column\" data-settings=\"{&quot;background_background&quot;:&quot;classic&quot;}\">\n\t\t\t<div class=\"elementor-widget-wrap elementor-element-populated\">\n\t\t\t\t\t\t\t\t<div class=\"elementor-element elementor-element-693622e elementor-widget elementor-widget-spacer\" data-id=\"693622e\" data-element_type=\"widget\" data-widget_type=\"spacer.default\">\n\t\t\t\t<div class=\"elementor-widget-container\">\n\t\t\t<style>\/*! elementor - v3.8.0 - 30-10-2022 *\/\n.elementor-column .elementor-spacer-inner{height:var(--spacer-size)}.e-con{--container-widget-width:100%}.e-con-inner>.elementor-widget-spacer,.e-con>.elementor-widget-spacer{width:var(--container-widget-width,var(--spacer-size));-ms-flex-item-align:stretch;align-self:stretch;-ms-flex-negative:0;flex-shrink:0}.e-con-inner>.elementor-widget-spacer>.elementor-widget-container,.e-con-inner>.elementor-widget-spacer>.elementor-widget-container>.elementor-spacer,.e-con>.elementor-widget-spacer>.elementor-widget-container,.e-con>.elementor-widget-spacer>.elementor-widget-container>.elementor-spacer{height:100%}.e-con-inner>.elementor-widget-spacer>.elementor-widget-container>.elementor-spacer>.elementor-spacer-inner,.e-con>.elementor-widget-spacer>.elementor-widget-container>.elementor-spacer>.elementor-spacer-inner{height:var(--container-widget-height,var(--spacer-size))}<\/style>\t\t<div class=\"elementor-spacer\">\n\t\t\t<div class=\"elementor-spacer-inner\"><\/div>\n\t\t<\/div>\n\t\t\t\t<\/div>\n\t\t\t\t<\/div>\n\t\t\t\t\t<\/div>\n\t\t<\/div>\n\t\t\t\t<div class=\"elementor-column elementor-col-50 elementor-top-column elementor-element elementor-element-8794fb5\" data-id=\"8794fb5\" data-element_type=\"column\">\n\t\t\t<div class=\"elementor-widget-wrap elementor-element-populated\">\n\t\t\t\t\t\t\t\t<div class=\"elementor-element elementor-element-efcac00 elementor-widget-tablet__width-initial elementor-widget elementor-widget-text-editor\" data-id=\"efcac00\" data-element_type=\"widget\" data-widget_type=\"text-editor.default\">\n\t\t\t\t<div class=\"elementor-widget-container\">\n\t\t\t<style>\/*! elementor - v3.8.0 - 30-10-2022 *\/\n.elementor-widget-text-editor.elementor-drop-cap-view-stacked .elementor-drop-cap{background-color:#818a91;color:#fff}.elementor-widget-text-editor.elementor-drop-cap-view-framed .elementor-drop-cap{color:#818a91;border:3px solid;background-color:transparent}.elementor-widget-text-editor:not(.elementor-drop-cap-view-default) .elementor-drop-cap{margin-top:8px}.elementor-widget-text-editor:not(.elementor-drop-cap-view-default) .elementor-drop-cap-letter{width:1em;height:1em}.elementor-widget-text-editor .elementor-drop-cap{float:left;text-align:center;line-height:1;font-size:50px}.elementor-widget-text-editor .elementor-drop-cap-letter{display:inline-block}<\/style>\t\t\t\t<h2>About Us<\/h2>\t\t\t\t\t\t<\/div>\n\t\t\t\t<\/div>\n\t\t\t\t<div class=\"elementor-element elementor-element-46d1cc5 elementor-widget elementor-widget-text-editor\" data-id=\"46d1cc5\" data-element_type=\"widget\" data-widget_type=\"text-editor.default\">\n\t\t\t\t<div class=\"elementor-widget-container\">\n\t\t\t\t\t\t\t<p><span style=\"font-weight: 400;\">Since 1991, Sirmersan Marble has been dedicated to transforming the textures of nature into living spaces beyond your dreams, giving nature a second life. With our vision of becoming a universal value, we blend technology and aesthetics through our innovative and experienced team to give meaning to natural stone, catering to those who seek the art in nature wherever they look.<\/span><\/p><p>\u00a0<\/p><p><span style=\"font-weight: 400;\">We produce 900,000 m\u00b2 of natural stone annually in our production facilities, which include four factories and six quarries. Our advanced machinery enables us to process products with a special selection approach, ensuring high-quality outcomes. Additionally, we support various projects with our architecture and design team, adding value to our customers\u2014who are our future assurance\u2014through our investments in R&amp;D for sustainability and differentiation in the sector.<\/span><\/p><p>\u00a0<\/p><p><span style=\"font-weight: 400;\">We stand out with our extensive product range, which includes over 60 different types of stone in our Tile Collection\u00ae and Slab Collection\u00ae. As the international representative and solution partner of Lapitec\u00ae, a company that adds aesthetic value to stone, we continue to make a difference. Moreover, with our brand Design Elements, which was created with the idea of presenting natural stone in its most special form, we combine the unique colors and patterns of natural stone with simplicity and aesthetics, transforming designs inspired by the essence of nature into customizable marble decorative products. We emphasize quality service in all our activities and focus on the happiness of our employees and customers with a sense of social responsibility.<\/span><\/p><p><br style=\"font-weight: 400;\" \/><br style=\"font-weight: 400;\" \/><\/p>\t\t\t\t\t\t<\/div>\n\t\t\t\t<\/div>\n\t\t\t\t<section class=\"elementor-section elementor-inner-section elementor-element elementor-element-9a99bc6 elementor-section-boxed elementor-section-height-default elementor-section-height-default parallax_section_no qode_elementor_container_no qode-content-aligment-left\" data-id=\"9a99bc6\" data-element_type=\"section\">\n\t\t\t\t\t\t<div class=\"elementor-container elementor-column-gap-default\">\n\t\t\t\t\t<div class=\"elementor-column elementor-col-50 elementor-inner-column elementor-element elementor-element-c87fd2c\" data-id=\"c87fd2c\" data-element_type=\"column\">\n\t\t\t<div class=\"elementor-widget-wrap elementor-element-populated\">\n\t\t\t\t\t\t\t\t<div class=\"elementor-element elementor-element-d23b0ef elementor-widget elementor-widget-qbutton\" data-id=\"d23b0ef\" data-element_type=\"widget\" id=\"tanitim\" data-widget_type=\"qbutton.default\">\n\t\t\t\t<div class=\"elementor-widget-container\">\n\t\t\t<a href=\"#\" target=\"_self\"  class=\"qbutton  small move_icon underlined qbutton_with_icon\" style=\"font-style: normal; font-weight: 400; \">Promotion film<i class=\"qode_icon_font_awesome fa fa-youtube button_icon\" style=\"color: #000000;\" ><\/i><span class=\"qode-underlined-button-span\" style=\"\"><\/span><\/a>\t\t<\/div>\n\t\t\t\t<\/div>\n\t\t\t\t\t<\/div>\n\t\t<\/div>\n\t\t\t\t<div class=\"elementor-column elementor-col-50 elementor-inner-column elementor-element elementor-element-56c4769\" data-id=\"56c4769\" data-element_type=\"column\">\n\t\t\t<div class=\"elementor-widget-wrap elementor-element-populated\">\n\t\t\t\t\t\t\t\t<div class=\"elementor-element elementor-element-e90c5ed elementor-widget elementor-widget-qbutton\" data-id=\"e90c5ed\" data-element_type=\"widget\" data-widget_type=\"qbutton.default\">\n\t\t\t\t<div class=\"elementor-widget-container\">\n\t\t\t<a href=\"#portfolyo\" target=\"_self\"  class=\"qbutton  small move_icon underlined qbutton_with_icon\" style=\"font-style: normal; font-weight: 400; \">Portfolio<i class=\"qode_icon_font_awesome fa fa-file button_icon\" style=\"color: #000000;\" ><\/i><span class=\"qode-underlined-button-span\" style=\"\"><\/span><\/a>\t\t<\/div>\n\t\t\t\t<\/div>\n\t\t\t\t\t<\/div>\n\t\t<\/div>\n\t\t\t\t\t\t\t<\/div>\n\t\t<\/section>\n\t\t\t\t\t<\/div>\n\t\t<\/div>\n\t\t\t\t\t\t\t<\/div>\n\t\t<\/section>\n\t\t\t\t<section class=\"elementor-section elementor-top-section elementor-element elementor-element-1ccfe06 elementor-section-stretched elementor-section-boxed elementor-section-height-default elementor-section-height-default parallax_section_no qode_elementor_container_no qode-content-aligment-left\" data-id=\"1ccfe06\" data-element_type=\"section\" data-settings=\"{&quot;stretch_section&quot;:&quot;section-stretched&quot;,&quot;background_background&quot;:&quot;classic&quot;}\">\n\t\t\t\t\t\t\t<div class=\"elementor-background-overlay\"><\/div>\n\t\t\t\t\t\t\t<div class=\"elementor-container elementor-column-gap-default\">\n\t\t\t\t\t<div class=\"elementor-column elementor-col-100 elementor-top-column elementor-element elementor-element-a969670\" data-id=\"a969670\" data-element_type=\"column\">\n\t\t\t<div class=\"elementor-widget-wrap elementor-element-populated\">\n\t\t\t\t\t\t\t\t<div class=\"elementor-element elementor-element-ff6d630 elementor-widget elementor-widget-heading\" data-id=\"ff6d630\" data-element_type=\"widget\" id=\"portfolyo\" data-widget_type=\"heading.default\">\n\t\t\t\t<div class=\"elementor-widget-container\">\n\t\t\t<style>\/*! elementor - v3.8.0 - 30-10-2022 *\/\n.elementor-heading-title{padding:0;margin:0;line-height:1}.elementor-widget-heading .elementor-heading-title[class*=elementor-size-]>a{color:inherit;font-size:inherit;line-height:inherit}.elementor-widget-heading .elementor-heading-title.elementor-size-small{font-size:15px}.elementor-widget-heading .elementor-heading-title.elementor-size-medium{font-size:19px}.elementor-widget-heading .elementor-heading-title.elementor-size-large{font-size:29px}.elementor-widget-heading .elementor-heading-title.elementor-size-xl{font-size:39px}.elementor-widget-heading .elementor-heading-title.elementor-size-xxl{font-size:59px}<\/style><h2 class=\"elementor-heading-title elementor-size-default\"><a href=\"#portfolyo\">Our Portfolio<\/a><\/h2>\t\t<\/div>\n\t\t\t\t<\/div>\n\t\t\t\t<div class=\"elementor-element elementor-element-790d0af elementor-widget elementor-widget-text-editor\" data-id=\"790d0af\" data-element_type=\"widget\" data-widget_type=\"text-editor.default\">\n\t\t\t\t<div class=\"elementor-widget-container\">\n\t\t\t\t\t\t\t<p><div class=\"_df_book df-container df-loading \" id=\"df_1805\"  data-title=\"sirmersan-portfolio\" _slug=\"1805\" wpoptions=\"true\" thumbtype=\"bg\" ><\/div><script class=\"df-shortcode-script\" type=\"application\/javascript\">window.option_df_1805 = {\"outline\":[],\"forceFit\":\"true\",\"autoEnableOutline\":\"false\",\"autoEnableThumbnail\":\"false\",\"overwritePDFOutline\":\"false\",\"direction\":\"1\",\"pageSize\":\"0\",\"source\":\"https:\\\/\\\/www.sirmersan.com\\\/wp-content\\\/uploads\\\/2022\\\/12\\\/sirmersan_portfolio.pdf\",\"wpOptions\":\"true\"}; if(window.DFLIP && window.DFLIP.parseBooks){window.DFLIP.parseBooks();}<\/script><\/p>\n\t\t\t\t\t\t<\/div>\n\t\t\t\t<\/div>\n\t\t\t\t\t<\/div>\n\t\t<\/div>\n\t\t\t\t\t\t\t<\/div>\n\t\t<\/section>\n\t\t\t\t\t\t\t<\/div>\n\t\t","protected":false},"excerpt":{"rendered":"<p>About Us Since 1991, Sirmersan Marble has been dedicated to transforming the textures of nature into living spaces beyond your dreams, giving nature a second life. With our vision of becoming a universal value, we blend technology and aesthetics through our innovative and experienced team&#8230;<\/p>\n","protected":false},"author":1,"featured_media":5870,"parent":0,"menu_order":0,"comment_status":"closed","ping_status":"closed","template":"","meta":{"inline_featured_image":false},"categories":[],"tags":[],"yoast_head":"<!-- This site is optimized with the Yoast SEO plugin v20.2.1 - https:\/\/yoast.com\/wordpress\/plugins\/seo\/ -->\n<title>Our Story | Sirmersan<\/title>\n<meta name=\"description\" content=\"Since 1991 as Sirmersan Marble, we have been offering natural stone to your service with bringing meaning to natural stone by combining technology &amp; aesthetics.\" \/>\n<meta name=\"robots\" content=\"index, follow, max-snippet:-1, max-image-preview:large, max-video-preview:-1\" \/>\n<link rel=\"canonical\" href=\"https:\/\/www.sirmersan.com\/en\/about-us\/\" \/>\n<meta property=\"og:locale\" content=\"en_US\" \/>\n<meta property=\"og:type\" content=\"article\" \/>\n<meta property=\"og:title\" content=\"Our Story | Sirmersan\" \/>\n<meta property=\"og:description\" content=\"Since 1991 as Sirmersan Marble, we have been offering natural stone to your service with bringing meaning to natural stone by combining technology &amp; aesthetics.\" \/>\n<meta property=\"og:url\" content=\"https:\/\/www.sirmersan.com\/en\/about-us\/\" \/>\n<meta property=\"og:site_name\" content=\"Sirmersan\" \/>\n<meta property=\"article:publisher\" content=\"https:\/\/tr-tr.facebook.com\/sirmersanmarble\/\" \/>\n<meta property=\"article:modified_time\" content=\"2024-07-11T15:19:49+00:00\" \/>\n<meta property=\"og:image\" content=\"https:\/\/www.sirmersan.com\/wp-content\/uploads\/2023\/02\/page-title-default-1.jpg\" \/>\n\t<meta property=\"og:image:width\" content=\"1920\" \/>\n\t<meta property=\"og:image:height\" content=\"450\" \/>\n\t<meta property=\"og:image:type\" content=\"image\/jpeg\" \/>\n<meta name=\"twitter:card\" content=\"summary_large_image\" \/>\n<meta name=\"twitter:label1\" content=\"Est. reading time\" \/>\n\t<meta name=\"twitter:data1\" content=\"2 minutes\" \/>\n<script type=\"application\/ld+json\" class=\"yoast-schema-graph\">{\"@context\":\"https:\/\/schema.org\",\"@graph\":[{\"@type\":\"WebPage\",\"@id\":\"https:\/\/www.sirmersan.com\/en\/about-us\/\",\"url\":\"https:\/\/www.sirmersan.com\/en\/about-us\/\",\"name\":\"Our Story | Sirmersan\",\"isPartOf\":{\"@id\":\"https:\/\/www.sirmersan.com\/en\/#website\"},\"datePublished\":\"2022-12-02T05:18:37+00:00\",\"dateModified\":\"2024-07-11T15:19:49+00:00\",\"description\":\"Since 1991 as Sirmersan Marble, we have been offering natural stone to your service with bringing meaning to natural stone by combining technology & aesthetics.\",\"breadcrumb\":{\"@id\":\"https:\/\/www.sirmersan.com\/en\/about-us\/#breadcrumb\"},\"inLanguage\":\"en-US\",\"potentialAction\":[{\"@type\":\"ReadAction\",\"target\":[\"https:\/\/www.sirmersan.com\/en\/about-us\/\"]}]},{\"@type\":\"BreadcrumbList\",\"@id\":\"https:\/\/www.sirmersan.com\/en\/about-us\/#breadcrumb\",\"itemListElement\":[{\"@type\":\"ListItem\",\"position\":1,\"name\":\"Home\",\"item\":\"https:\/\/www.sirmersan.com\/en\/home-page\/\"},{\"@type\":\"ListItem\",\"position\":2,\"name\":\"About Us\"}]},{\"@type\":\"WebSite\",\"@id\":\"https:\/\/www.sirmersan.com\/en\/#website\",\"url\":\"https:\/\/www.sirmersan.com\/en\/\",\"name\":\"Sirmersan\",\"description\":\"Do\u011fal Ta\u015f Tasar\u0131m \u00dcr\u00fcnler ve Projeler\",\"publisher\":{\"@id\":\"https:\/\/www.sirmersan.com\/en\/#organization\"},\"potentialAction\":[{\"@type\":\"SearchAction\",\"target\":{\"@type\":\"EntryPoint\",\"urlTemplate\":\"https:\/\/www.sirmersan.com\/en\/?s={search_term_string}\"},\"query-input\":\"required name=search_term_string\"}],\"inLanguage\":\"en-US\"},{\"@type\":\"Organization\",\"@id\":\"https:\/\/www.sirmersan.com\/en\/#organization\",\"name\":\"Sirmersan Mermer\",\"url\":\"https:\/\/www.sirmersan.com\/en\/\",\"logo\":{\"@type\":\"ImageObject\",\"inLanguage\":\"en-US\",\"@id\":\"https:\/\/www.sirmersan.com\/en\/#\/schema\/logo\/image\/\",\"url\":\"https:\/\/www.sirmersan.com\/wp-content\/uploads\/2022\/11\/sirmersan-gri-logo-01-2.svg\",\"contentUrl\":\"https:\/\/www.sirmersan.com\/wp-content\/uploads\/2022\/11\/sirmersan-gri-logo-01-2.svg\",\"width\":400,\"height\":100,\"caption\":\"Sirmersan Mermer\"},\"image\":{\"@id\":\"https:\/\/www.sirmersan.com\/en\/#\/schema\/logo\/image\/\"},\"sameAs\":[\"https:\/\/tr-tr.facebook.com\/sirmersanmarble\/\",\"https:\/\/www.instagram.com\/sirmersanmarble\/\",\"https:\/\/www.linkedin.com\/company\/sirmersan-marble-company-inc-\/\"]}]}<\/script>\n<!-- \/ Yoast SEO plugin. -->","yoast_head_json":{"title":"Our Story | Sirmersan","description":"Since 1991 as Sirmersan Marble, we have been offering natural stone to your service with bringing meaning to natural stone by combining technology & aesthetics.","robots":{"index":"index","follow":"follow","max-snippet":"max-snippet:-1","max-image-preview":"max-image-preview:large","max-video-preview":"max-video-preview:-1"},"canonical":"https:\/\/www.sirmersan.com\/en\/about-us\/","og_locale":"en_US","og_type":"article","og_title":"Our Story | Sirmersan","og_description":"Since 1991 as Sirmersan Marble, we have been offering natural stone to your service with bringing meaning to natural stone by combining technology & aesthetics.","og_url":"https:\/\/www.sirmersan.com\/en\/about-us\/","og_site_name":"Sirmersan","article_publisher":"https:\/\/tr-tr.facebook.com\/sirmersanmarble\/","article_modified_time":"2024-07-11T15:19:49+00:00","og_image":[{"width":1920,"height":450,"url":"https:\/\/www.sirmersan.com\/wp-content\/uploads\/2023\/02\/page-title-default-1.jpg","type":"image\/jpeg"}],"twitter_card":"summary_large_image","twitter_misc":{"Est. reading time":"2 minutes"},"schema":{"@context":"https:\/\/schema.org","@graph":[{"@type":"WebPage","@id":"https:\/\/www.sirmersan.com\/en\/about-us\/","url":"https:\/\/www.sirmersan.com\/en\/about-us\/","name":"Our Story | Sirmersan","isPartOf":{"@id":"https:\/\/www.sirmersan.com\/en\/#website"},"datePublished":"2022-12-02T05:18:37+00:00","dateModified":"2024-07-11T15:19:49+00:00","description":"Since 1991 as Sirmersan Marble, we have been offering natural stone to your service with bringing meaning to natural stone by combining technology & aesthetics.","breadcrumb":{"@id":"https:\/\/www.sirmersan.com\/en\/about-us\/#breadcrumb"},"inLanguage":"en-US","potentialAction":[{"@type":"ReadAction","target":["https:\/\/www.sirmersan.com\/en\/about-us\/"]}]},{"@type":"BreadcrumbList","@id":"https:\/\/www.sirmersan.com\/en\/about-us\/#breadcrumb","itemListElement":[{"@type":"ListItem","position":1,"name":"Home","item":"https:\/\/www.sirmersan.com\/en\/home-page\/"},{"@type":"ListItem","position":2,"name":"About Us"}]},{"@type":"WebSite","@id":"https:\/\/www.sirmersan.com\/en\/#website","url":"https:\/\/www.sirmersan.com\/en\/","name":"Sirmersan","description":"Do\u011fal Ta\u015f Tasar\u0131m \u00dcr\u00fcnler ve Projeler","publisher":{"@id":"https:\/\/www.sirmersan.com\/en\/#organization"},"potentialAction":[{"@type":"SearchAction","target":{"@type":"EntryPoint","urlTemplate":"https:\/\/www.sirmersan.com\/en\/?s={search_term_string}"},"query-input":"required name=search_term_string"}],"inLanguage":"en-US"},{"@type":"Organization","@id":"https:\/\/www.sirmersan.com\/en\/#organization","name":"Sirmersan Mermer","url":"https:\/\/www.sirmersan.com\/en\/","logo":{"@type":"ImageObject","inLanguage":"en-US","@id":"https:\/\/www.sirmersan.com\/en\/#\/schema\/logo\/image\/","url":"https:\/\/www.sirmersan.com\/wp-content\/uploads\/2022\/11\/sirmersan-gri-logo-01-2.svg","contentUrl":"https:\/\/www.sirmersan.com\/wp-content\/uploads\/2022\/11\/sirmersan-gri-logo-01-2.svg","width":400,"height":100,"caption":"Sirmersan Mermer"},"image":{"@id":"https:\/\/www.sirmersan.com\/en\/#\/schema\/logo\/image\/"},"sameAs":["https:\/\/tr-tr.facebook.com\/sirmersanmarble\/","https:\/\/www.instagram.com\/sirmersanmarble\/","https:\/\/www.linkedin.com\/company\/sirmersan-marble-company-inc-\/"]}]}},"_links":{"self":[{"href":"https:\/\/www.sirmersan.com\/en\/wp-json\/wp\/v2\/pages\/5238"}],"collection":[{"href":"https:\/\/www.sirmersan.com\/en\/wp-json\/wp\/v2\/pages"}],"about":[{"href":"https:\/\/www.sirmersan.com\/en\/wp-json\/wp\/v2\/types\/page"}],"author":[{"embeddable":true,"href":"https:\/\/www.sirmersan.com\/en\/wp-json\/wp\/v2\/users\/1"}],"replies":[{"embeddable":true,"href":"https:\/\/www.sirmersan.com\/en\/wp-json\/wp\/v2\/comments?post=5238"}],"version-history":[{"count":0,"href":"https:\/\/www.sirmersan.com\/en\/wp-json\/wp\/v2\/pages\/5238\/revisions"}],"wp:featuredmedia":[{"embeddable":true,"href":"https:\/\/www.sirmersan.com\/en\/wp-json\/wp\/v2\/media\/5870"}],"wp:attachment":[{"href":"https:\/\/www.sirmersan.com\/en\/wp-json\/wp\/v2\/media?parent=5238"}],"wp:term":[{"taxonomy":"category","embeddable":true,"href":"https:\/\/www.sirmersan.com\/en\/wp-json\/wp\/v2\/categories?post=5238"},{"taxonomy":"post_tag","embeddable":true,"href":"https:\/\/www.sirmersan.com\/en\/wp-json\/wp\/v2\/tags?post=5238"}],"curies":[{"name":"wp","href":"https:\/\/api.w.org\/{rel}","templated":true}]}}